{"id":693,"date":"2023-10-22T08:27:13","date_gmt":"2023-10-22T08:27:13","guid":{"rendered":"https:\/\/pearlstreet.se\/we-are-the-eye-of-the-storm-2\/"},"modified":"2024-10-30T13:15:53","modified_gmt":"2024-10-30T13:15:53","slug":"we-are-the-eye-of-the-storm-2","status":"publish","type":"page","link":"https:\/\/pearlstreet.se\/sv\/we-are-the-eye-of-the-storm-2\/","title":{"rendered":"WE ARE <strong>THE EYE<\/strong> OF THE STORM"},"content":{"rendered":"<p>Ett evenemang \u00e4r som en perfekt storm. Alla utmaningar samlas p\u00e5 en plats, vid en specifik tidpunkt. Allting m\u00e5ste bli r\u00e4tt \u2013 p\u00e5 en och samma g\u00e5ng.<\/p>\n<p>Vi arbetar systematiskt och med en teknikcentrerad kreativitet f\u00f6r att s\u00e4kerst\u00e4lla att den perfekta stormen har den perfekta uppl\u00f6sningen. V\u00e5r l\u00e5nga erfarenhet av att producera n\u00e5gra av planetens st\u00f6rsta evenemang g\u00f6r att kundens pionj\u00e4rprojekt \u00e4r k\u00e4nd mark f\u00f6r oss. <strong>Vi \u00e4r den lugna mitten i deras storm.<\/strong><\/p>\n<p><strong>Om det finns en sak v\u00e5ra kunder kan lita p\u00e5 \u2013 s\u00e5 \u00e4r det oss.<\/strong> Vi kan koordinera varje del av en teknisk produktion, fr\u00e5n de sm\u00e5 men viktiga detaljerna till <strong>att flytta himmel och jord f\u00f6r att skapa det perfekta utrymmet f\u00f6r v\u00e5ra kunder.<\/strong> Allt de beh\u00f6ver fokusera p\u00e5 \u00e4r deras enda kontaktpunkt och ett hav av n\u00f6jda bes\u00f6kare.<\/p>\n<p>Med v\u00e5ra premiumprodukter och extraordin\u00e4ra tj\u00e4nster, <strong>\u00e4r vi den trygga platsen p\u00e5 v\u00e5ra kunders evenemang.<\/strong> En plats fri fr\u00e5n stress och press. V\u00e5ra kunder kan k\u00e4nna sig lugna, med vetskapen om att vi tar hand om allt \u2013 s\u00e5 att de kan vara n\u00e4rvarande i stunden.<\/p>\n","protected":false},"excerpt":{"rendered":"<p>Ett evenemang \u00e4r som en perfekt storm. Alla utmaningar samlas p\u00e5 en plats, vid en specifik tidpunkt. Allting m\u00e5ste bli r\u00e4tt \u2013 p\u00e5 en och samma g\u00e5ng. Vi arbetar systematiskt och med en teknikcentrerad kreativitet f\u00f6r att s\u00e4kerst\u00e4lla att den perfekta stormen har den perfekta uppl\u00f6sningen. V\u00e5r l\u00e5nga erfarenhet av att producera n\u00e5gra av planetens [&hellip;]<\/p>\n","protected":false},"author":2,"featured_media":0,"parent":0,"menu_order":0,"comment_status":"closed","ping_status":"closed","template":"","meta":{"_acf_changed":false,"footnotes":""},"class_list":["post-693","page","type-page","status-publish","hentry"],"acf":[],"yoast_head":"<!-- This site is optimized with the Yoast SEO plugin v27.2 - https:\/\/yoast.com\/product\/yoast-seo-wordpress\/ -->\n<title>Vi kan evenemangsproduktion | Pearl St.<\/title>\n<meta name=\"description\" content=\"V\u00e5r l\u00e5nga erfarenhet av att producera n\u00e5gra av planetens st\u00f6rsta evenemang g\u00f6r att kundens pionj\u00e4rprojekt \u00e4r k\u00e4nd mark f\u00f6r oss.\" \/>\n<meta name=\"robots\" content=\"index, follow, max-snippet:-1, max-image-preview:large, max-video-preview:-1\" \/>\n<link rel=\"canonical\" href=\"https:\/\/pearlstreet.se\/sv\/we-are-the-eye-of-the-storm-2\/\" \/>\n<meta property=\"og:locale\" content=\"sv_SE\" \/>\n<meta property=\"og:type\" content=\"article\" \/>\n<meta property=\"og:title\" content=\"Vi kan evenemangsproduktion | Pearl St.\" \/>\n<meta property=\"og:description\" content=\"V\u00e5r l\u00e5nga erfarenhet av att producera n\u00e5gra av planetens st\u00f6rsta evenemang g\u00f6r att kundens pionj\u00e4rprojekt \u00e4r k\u00e4nd mark f\u00f6r oss.\" \/>\n<meta property=\"og:url\" content=\"https:\/\/pearlstreet.se\/sv\/we-are-the-eye-of-the-storm-2\/\" \/>\n<meta property=\"og:site_name\" content=\"Pearl St.\" \/>\n<meta property=\"article:publisher\" content=\"https:\/\/www.facebook.com\/pearlstreetproduction\/\" \/>\n<meta property=\"article:modified_time\" content=\"2024-10-30T13:15:53+00:00\" \/>\n<meta name=\"twitter:card\" content=\"summary_large_image\" \/>\n<meta name=\"twitter:label1\" content=\"Ber\u00e4knad l\u00e4stid\" \/>\n\t<meta name=\"twitter:data1\" content=\"1 minut\" \/>\n<script type=\"application\/ld+json\" class=\"yoast-schema-graph\">{\"@context\":\"https:\/\/schema.org\",\"@graph\":[{\"@type\":\"WebPage\",\"@id\":\"https:\/\/pearlstreet.se\/sv\/we-are-the-eye-of-the-storm-2\/\",\"url\":\"https:\/\/pearlstreet.se\/sv\/we-are-the-eye-of-the-storm-2\/\",\"name\":\"Vi kan evenemangsproduktion | Pearl St.\",\"isPartOf\":{\"@id\":\"http:\/\/pearlstreet.se\/sv\/#website\"},\"datePublished\":\"2023-10-22T08:27:13+00:00\",\"dateModified\":\"2024-10-30T13:15:53+00:00\",\"description\":\"V\u00e5r l\u00e5nga erfarenhet av att producera n\u00e5gra av planetens st\u00f6rsta evenemang g\u00f6r att kundens pionj\u00e4rprojekt \u00e4r k\u00e4nd mark f\u00f6r oss.\",\"breadcrumb\":{\"@id\":\"https:\/\/pearlstreet.se\/sv\/we-are-the-eye-of-the-storm-2\/#breadcrumb\"},\"inLanguage\":\"sv-SE\",\"potentialAction\":[{\"@type\":\"ReadAction\",\"target\":[\"https:\/\/pearlstreet.se\/sv\/we-are-the-eye-of-the-storm-2\/\"]}]},{\"@type\":\"BreadcrumbList\",\"@id\":\"https:\/\/pearlstreet.se\/sv\/we-are-the-eye-of-the-storm-2\/#breadcrumb\",\"itemListElement\":[{\"@type\":\"ListItem\",\"position\":1,\"name\":\"Hem\",\"item\":\"https:\/\/pearlstreet.se\/sv\/\"},{\"@type\":\"ListItem\",\"position\":2,\"name\":\"WE ARE THE EYE OF THE STORM\"}]},{\"@type\":\"WebSite\",\"@id\":\"http:\/\/pearlstreet.se\/sv\/#website\",\"url\":\"http:\/\/pearlstreet.se\/sv\/\",\"name\":\"Pearl St.\",\"description\":\"Pearl St. - Your innovative event production &amp; solutions partner\",\"publisher\":{\"@id\":\"http:\/\/pearlstreet.se\/sv\/#organization\"},\"alternateName\":\"Pearl Street Production Support AB\",\"potentialAction\":[{\"@type\":\"SearchAction\",\"target\":{\"@type\":\"EntryPoint\",\"urlTemplate\":\"http:\/\/pearlstreet.se\/sv\/?s={search_term_string}\"},\"query-input\":{\"@type\":\"PropertyValueSpecification\",\"valueRequired\":true,\"valueName\":\"search_term_string\"}}],\"inLanguage\":\"sv-SE\"},{\"@type\":\"Organization\",\"@id\":\"http:\/\/pearlstreet.se\/sv\/#organization\",\"name\":\"Pearl St.\",\"alternateName\":\"Pearl Street Production Support AB\",\"url\":\"http:\/\/pearlstreet.se\/sv\/\",\"logo\":{\"@type\":\"ImageObject\",\"inLanguage\":\"sv-SE\",\"@id\":\"http:\/\/pearlstreet.se\/sv\/#\/schema\/logo\/image\/\",\"url\":\"https:\/\/pearlstreet.se\/wp-content\/uploads\/2024\/06\/logo-pearlstreet.jpg\",\"contentUrl\":\"https:\/\/pearlstreet.se\/wp-content\/uploads\/2024\/06\/logo-pearlstreet.jpg\",\"width\":1080,\"height\":1080,\"caption\":\"Pearl St.\"},\"image\":{\"@id\":\"http:\/\/pearlstreet.se\/sv\/#\/schema\/logo\/image\/\"},\"sameAs\":[\"https:\/\/www.facebook.com\/pearlstreetproduction\/\",\"https:\/\/www.instagram.com\/pearl_street_production\/\",\"https:\/\/www.linkedin.com\/company\/pearl-street-production-support-ab\/about\/\"]}]}<\/script>\n<!-- \/ Yoast SEO plugin. -->","yoast_head_json":{"title":"Vi kan evenemangsproduktion | Pearl St.","description":"V\u00e5r l\u00e5nga erfarenhet av att producera n\u00e5gra av planetens st\u00f6rsta evenemang g\u00f6r att kundens pionj\u00e4rprojekt \u00e4r k\u00e4nd mark f\u00f6r oss.","robots":{"index":"index","follow":"follow","max-snippet":"max-snippet:-1","max-image-preview":"max-image-preview:large","max-video-preview":"max-video-preview:-1"},"canonical":"https:\/\/pearlstreet.se\/sv\/we-are-the-eye-of-the-storm-2\/","og_locale":"sv_SE","og_type":"article","og_title":"Vi kan evenemangsproduktion | Pearl St.","og_description":"V\u00e5r l\u00e5nga erfarenhet av att producera n\u00e5gra av planetens st\u00f6rsta evenemang g\u00f6r att kundens pionj\u00e4rprojekt \u00e4r k\u00e4nd mark f\u00f6r oss.","og_url":"https:\/\/pearlstreet.se\/sv\/we-are-the-eye-of-the-storm-2\/","og_site_name":"Pearl St.","article_publisher":"https:\/\/www.facebook.com\/pearlstreetproduction\/","article_modified_time":"2024-10-30T13:15:53+00:00","twitter_card":"summary_large_image","twitter_misc":{"Ber\u00e4knad l\u00e4stid":"1 minut"},"schema":{"@context":"https:\/\/schema.org","@graph":[{"@type":"WebPage","@id":"https:\/\/pearlstreet.se\/sv\/we-are-the-eye-of-the-storm-2\/","url":"https:\/\/pearlstreet.se\/sv\/we-are-the-eye-of-the-storm-2\/","name":"Vi kan evenemangsproduktion | Pearl St.","isPartOf":{"@id":"http:\/\/pearlstreet.se\/sv\/#website"},"datePublished":"2023-10-22T08:27:13+00:00","dateModified":"2024-10-30T13:15:53+00:00","description":"V\u00e5r l\u00e5nga erfarenhet av att producera n\u00e5gra av planetens st\u00f6rsta evenemang g\u00f6r att kundens pionj\u00e4rprojekt \u00e4r k\u00e4nd mark f\u00f6r oss.","breadcrumb":{"@id":"https:\/\/pearlstreet.se\/sv\/we-are-the-eye-of-the-storm-2\/#breadcrumb"},"inLanguage":"sv-SE","potentialAction":[{"@type":"ReadAction","target":["https:\/\/pearlstreet.se\/sv\/we-are-the-eye-of-the-storm-2\/"]}]},{"@type":"BreadcrumbList","@id":"https:\/\/pearlstreet.se\/sv\/we-are-the-eye-of-the-storm-2\/#breadcrumb","itemListElement":[{"@type":"ListItem","position":1,"name":"Hem","item":"https:\/\/pearlstreet.se\/sv\/"},{"@type":"ListItem","position":2,"name":"WE ARE THE EYE OF THE STORM"}]},{"@type":"WebSite","@id":"http:\/\/pearlstreet.se\/sv\/#website","url":"http:\/\/pearlstreet.se\/sv\/","name":"Pearl St.","description":"Pearl St. - Your innovative event production &amp; solutions partner","publisher":{"@id":"http:\/\/pearlstreet.se\/sv\/#organization"},"alternateName":"Pearl Street Production Support AB","potentialAction":[{"@type":"SearchAction","target":{"@type":"EntryPoint","urlTemplate":"http:\/\/pearlstreet.se\/sv\/?s={search_term_string}"},"query-input":{"@type":"PropertyValueSpecification","valueRequired":true,"valueName":"search_term_string"}}],"inLanguage":"sv-SE"},{"@type":"Organization","@id":"http:\/\/pearlstreet.se\/sv\/#organization","name":"Pearl St.","alternateName":"Pearl Street Production Support AB","url":"http:\/\/pearlstreet.se\/sv\/","logo":{"@type":"ImageObject","inLanguage":"sv-SE","@id":"http:\/\/pearlstreet.se\/sv\/#\/schema\/logo\/image\/","url":"https:\/\/pearlstreet.se\/wp-content\/uploads\/2024\/06\/logo-pearlstreet.jpg","contentUrl":"https:\/\/pearlstreet.se\/wp-content\/uploads\/2024\/06\/logo-pearlstreet.jpg","width":1080,"height":1080,"caption":"Pearl St."},"image":{"@id":"http:\/\/pearlstreet.se\/sv\/#\/schema\/logo\/image\/"},"sameAs":["https:\/\/www.facebook.com\/pearlstreetproduction\/","https:\/\/www.instagram.com\/pearl_street_production\/","https:\/\/www.linkedin.com\/company\/pearl-street-production-support-ab\/about\/"]}]}},"_links":{"self":[{"href":"https:\/\/pearlstreet.se\/sv\/wp-json\/wp\/v2\/pages\/693","targetHints":{"allow":["GET"]}}],"collection":[{"href":"https:\/\/pearlstreet.se\/sv\/wp-json\/wp\/v2\/pages"}],"about":[{"href":"https:\/\/pearlstreet.se\/sv\/wp-json\/wp\/v2\/types\/page"}],"author":[{"embeddable":true,"href":"https:\/\/pearlstreet.se\/sv\/wp-json\/wp\/v2\/users\/2"}],"replies":[{"embeddable":true,"href":"https:\/\/pearlstreet.se\/sv\/wp-json\/wp\/v2\/comments?post=693"}],"version-history":[{"count":4,"href":"https:\/\/pearlstreet.se\/sv\/wp-json\/wp\/v2\/pages\/693\/revisions"}],"predecessor-version":[{"id":906,"href":"https:\/\/pearlstreet.se\/sv\/wp-json\/wp\/v2\/pages\/693\/revisions\/906"}],"wp:attachment":[{"href":"https:\/\/pearlstreet.se\/sv\/wp-json\/wp\/v2\/media?parent=693"}],"curies":[{"name":"wp","href":"https:\/\/api.w.org\/{rel}","templated":true}]}}