{"id":691,"date":"2023-10-19T19:15:22","date_gmt":"2023-10-19T19:15:22","guid":{"rendered":"https:\/\/pearlstreet.se\/produktionsdesign-tjanster\/"},"modified":"2025-01-19T09:40:32","modified_gmt":"2025-01-19T09:40:32","slug":"produktionsdesign-tjanster","status":"publish","type":"page","link":"https:\/\/pearlstreet.se\/sv\/produktionsdesign-tjanster\/","title":{"rendered":"Produktionsdesign &#038; tj\u00e4nster"},"content":{"rendered":"<p>Frig\u00f6r din kreativa potential med v\u00e5r trygga produktionsdesign och tj\u00e4nster.<\/p>\n<p>P\u00e5 Pearl St. leder vi inte bara produktioner; vi designar upplevelser. V\u00e5r expertis inom produktionsdesign omfattar varje aspekt av ditt projekt, fr\u00e5n schemal\u00e4ggning och planering till logistik, utrustning, crew-hantering, etc. Vi \u00e4r h\u00e4r f\u00f6r att erbjuda den ram som m\u00f6jligg\u00f6r f\u00f6r ditt kreativa team att sv\u00e4va till o\u00f6vertr\u00e4ffade h\u00f6jder.<br \/>\nVarf\u00f6r v\u00e4lja Pearl St. f\u00f6r produktionshantering?<\/p>\n<p><strong>Noggrann planering<\/strong><br \/>\nBakom varje framg\u00e5ngsrik produktion ligger noggrann planering. V\u00e5rt team investerar den tid och anstr\u00e4ngning som kr\u00e4vs f\u00f6r att skapa solid plan som s\u00e4kerst\u00e4ller att varje element i ditt projekt passar s\u00f6ml\u00f6st p\u00e5 plats. Genom att s\u00e4tta punkt f\u00f6r varje &#8217;i&#8217; och strecka \u00f6ver varje &#8217;t&#8217; under v\u00e5r planeringsfas eliminerar vi risken f\u00f6r ov\u00e4ntade \u00f6verraskningar som kan f\u00e5 ditt projekt att sp\u00e5ra ur.<\/p>\n<p><strong>Kostnadseffektivitet<\/strong><br \/>\nVi f\u00f6rst\u00e5r att tid \u00e4r pengar inom produktionsv\u00e4rlden. V\u00e5rt \u00e5tagande att spara b\u00e5de tid och pengar \u00e4r orubbligt. Genom v\u00e5r grundliga pre-produktionsprocess identifierar vi potentiella flaskhalsar och ineffektiviteter, vilket m\u00f6jligg\u00f6r att vi kan mildra dem innan de blir kostsamma hinder.<\/p>\n<p><strong>Anpassad<\/strong><br \/>\nEn storlek passar ingen inom produktionsv\u00e4rlden. Det \u00e4r d\u00e4rf\u00f6r vi har utvecklat en unik aff\u00e4rsmodell som m\u00f6jligg\u00f6r anpassade l\u00f6sningar f\u00f6r varje projekt. Oavsett om du beh\u00f6ver en specialiserad bes\u00e4ttning f\u00f6r en komplex inspelning eller specifik utrustning f\u00f6r en s\u00e4rskild scen har vi flexibilitet och resurser f\u00f6r att exakt m\u00f6ta dina behov.<\/p>\n<p><strong>Expertteam<\/strong><br \/>\nBakom varje stor produktion finns ett fantastiskt team. V\u00e5r erfarna personal brinner f\u00f6r att f\u00f6rverkliga din kreativa vision. Med \u00e5rtionden av samlad erfarenhet inom branschen f\u00f6r de med sig en stor dos av kunskap och innovativa id\u00e9er till bordet.<\/p>\n<p><strong>F\u00f6rstklassig utrustning<\/strong><br \/>\nF\u00f6r att f\u00f6rverkliga din kreativa vision beh\u00f6ver du r\u00e4tt verktyg. V\u00e5r toppmoderna utrustningspark uppdateras kontinuerligt och underh\u00e5lls noggrant f\u00f6r att s\u00e4kerst\u00e4lla att du har tillg\u00e5ng till de b\u00e4sta resurserna som finns tillg\u00e4ngliga.<\/p>\n<p><strong>Felfritt utf\u00f6rande<\/strong><br \/>\nV\u00e5rt anstr\u00e4ngning f\u00f6r excellens slutar inte vid planering och logistik. Vi \u00e4r med dig varje steg p\u00e5 v\u00e4gen och ser till att ditt projekt utvecklas felfritt. Fr\u00e5n f\u00f6rsta dagen av planering till utf\u00f6randet \u00e4r v\u00e5rt team dedikerat till att g\u00f6ra din vision till verklighet.<\/p>\n<p>P\u00e5 Pearl St. erbjuder vi inte bara produktionsdesign och produktionstj\u00e4nster; vi erbjuder ett kreativt partnerskap som bef\u00e4ster ditt team att uppn\u00e5 mer \u00e4n du n\u00e5gonsin trott var m\u00f6jligt. Oavsett om du arbetar med en festival, TV-show, f\u00f6retagsevent eller n\u00e5got annat kreativt projekt, \u00e4r vi h\u00e4r f\u00f6r att hj\u00e4lpa dig att lyckas.<\/p>\n<p>Kontakta oss och f\u00f6rvandla dina kreativa dr\u00f6mmar till en h\u00e4pnadsv\u00e4ckande verklighet. L\u00e5t oss b\u00f6rja en resa av konstn\u00e4rlig utforskning och enast\u00e5ende produktionsdesign tillsammans.<\/p>\n","protected":false},"excerpt":{"rendered":"<p>Frig\u00f6r din kreativa potential med v\u00e5r trygga produktionsdesign och tj\u00e4nster. P\u00e5 Pearl St. leder vi inte bara produktioner; vi designar upplevelser. V\u00e5r expertis inom produktionsdesign omfattar varje aspekt av ditt projekt, fr\u00e5n schemal\u00e4ggning och planering till logistik, utrustning, crew-hantering, etc. Vi \u00e4r h\u00e4r f\u00f6r att erbjuda den ram som m\u00f6jligg\u00f6r f\u00f6r ditt kreativa team att [&hellip;]<\/p>\n","protected":false},"author":2,"featured_media":0,"parent":0,"menu_order":0,"comment_status":"closed","ping_status":"closed","template":"","meta":{"_acf_changed":false,"footnotes":""},"class_list":["post-691","page","type-page","status-publish","hentry"],"acf":[],"yoast_head":"<!-- This site is optimized with the Yoast SEO plugin v27.2 - https:\/\/yoast.com\/product\/yoast-seo-wordpress\/ -->\n<title>Tj\u00e4nster inom produktionsdesign - H\u00f6j dina visioner | Pearl St<\/title>\n<meta name=\"description\" content=\"Upplev toppen av produktionsdesign med Pearl Sts anpassade tj\u00e4nster, d\u00e4r din vision f\u00f6rvandlas till professionell verklighet.\" \/>\n<meta name=\"robots\" content=\"index, follow, max-snippet:-1, max-image-preview:large, max-video-preview:-1\" \/>\n<link rel=\"canonical\" href=\"https:\/\/pearlstreet.se\/sv\/produktionsdesign-tjanster\/\" \/>\n<meta property=\"og:locale\" content=\"sv_SE\" \/>\n<meta property=\"og:type\" content=\"article\" \/>\n<meta property=\"og:title\" content=\"Tj\u00e4nster inom produktionsdesign - H\u00f6j dina visioner | Pearl St\" \/>\n<meta property=\"og:description\" content=\"Upplev toppen av produktionsdesign med Pearl Sts anpassade tj\u00e4nster, d\u00e4r din vision f\u00f6rvandlas till professionell verklighet.\" \/>\n<meta property=\"og:url\" content=\"https:\/\/pearlstreet.se\/sv\/produktionsdesign-tjanster\/\" \/>\n<meta property=\"og:site_name\" content=\"Pearl St.\" \/>\n<meta property=\"article:publisher\" content=\"https:\/\/www.facebook.com\/pearlstreetproduction\/\" \/>\n<meta property=\"article:modified_time\" content=\"2025-01-19T09:40:32+00:00\" \/>\n<meta name=\"twitter:card\" content=\"summary_large_image\" \/>\n<meta name=\"twitter:label1\" content=\"Ber\u00e4knad l\u00e4stid\" \/>\n\t<meta name=\"twitter:data1\" content=\"2 minuter\" \/>\n<script type=\"application\/ld+json\" class=\"yoast-schema-graph\">{\"@context\":\"https:\/\/schema.org\",\"@graph\":[{\"@type\":\"WebPage\",\"@id\":\"https:\/\/pearlstreet.se\/sv\/produktionsdesign-tjanster\/\",\"url\":\"https:\/\/pearlstreet.se\/sv\/produktionsdesign-tjanster\/\",\"name\":\"Tj\u00e4nster inom produktionsdesign - H\u00f6j dina visioner | Pearl St\",\"isPartOf\":{\"@id\":\"http:\/\/pearlstreet.se\/sv\/#website\"},\"datePublished\":\"2023-10-19T19:15:22+00:00\",\"dateModified\":\"2025-01-19T09:40:32+00:00\",\"description\":\"Upplev toppen av produktionsdesign med Pearl Sts anpassade tj\u00e4nster, d\u00e4r din vision f\u00f6rvandlas till professionell verklighet.\",\"breadcrumb\":{\"@id\":\"https:\/\/pearlstreet.se\/sv\/produktionsdesign-tjanster\/#breadcrumb\"},\"inLanguage\":\"sv-SE\",\"potentialAction\":[{\"@type\":\"ReadAction\",\"target\":[\"https:\/\/pearlstreet.se\/sv\/produktionsdesign-tjanster\/\"]}]},{\"@type\":\"BreadcrumbList\",\"@id\":\"https:\/\/pearlstreet.se\/sv\/produktionsdesign-tjanster\/#breadcrumb\",\"itemListElement\":[{\"@type\":\"ListItem\",\"position\":1,\"name\":\"Hem\",\"item\":\"https:\/\/pearlstreet.se\/sv\/\"},{\"@type\":\"ListItem\",\"position\":2,\"name\":\"Produktionsdesign &#038; tj\u00e4nster\"}]},{\"@type\":\"WebSite\",\"@id\":\"http:\/\/pearlstreet.se\/sv\/#website\",\"url\":\"http:\/\/pearlstreet.se\/sv\/\",\"name\":\"Pearl St.\",\"description\":\"Pearl St. - Your innovative event production &amp; solutions partner\",\"publisher\":{\"@id\":\"http:\/\/pearlstreet.se\/sv\/#organization\"},\"alternateName\":\"Pearl Street Production Support AB\",\"potentialAction\":[{\"@type\":\"SearchAction\",\"target\":{\"@type\":\"EntryPoint\",\"urlTemplate\":\"http:\/\/pearlstreet.se\/sv\/?s={search_term_string}\"},\"query-input\":{\"@type\":\"PropertyValueSpecification\",\"valueRequired\":true,\"valueName\":\"search_term_string\"}}],\"inLanguage\":\"sv-SE\"},{\"@type\":\"Organization\",\"@id\":\"http:\/\/pearlstreet.se\/sv\/#organization\",\"name\":\"Pearl St.\",\"alternateName\":\"Pearl Street Production Support AB\",\"url\":\"http:\/\/pearlstreet.se\/sv\/\",\"logo\":{\"@type\":\"ImageObject\",\"inLanguage\":\"sv-SE\",\"@id\":\"http:\/\/pearlstreet.se\/sv\/#\/schema\/logo\/image\/\",\"url\":\"https:\/\/pearlstreet.se\/wp-content\/uploads\/2024\/06\/logo-pearlstreet.jpg\",\"contentUrl\":\"https:\/\/pearlstreet.se\/wp-content\/uploads\/2024\/06\/logo-pearlstreet.jpg\",\"width\":1080,\"height\":1080,\"caption\":\"Pearl St.\"},\"image\":{\"@id\":\"http:\/\/pearlstreet.se\/sv\/#\/schema\/logo\/image\/\"},\"sameAs\":[\"https:\/\/www.facebook.com\/pearlstreetproduction\/\",\"https:\/\/www.instagram.com\/pearl_street_production\/\",\"https:\/\/www.linkedin.com\/company\/pearl-street-production-support-ab\/about\/\"]}]}<\/script>\n<!-- \/ Yoast SEO plugin. -->","yoast_head_json":{"title":"Tj\u00e4nster inom produktionsdesign - H\u00f6j dina visioner | Pearl St","description":"Upplev toppen av produktionsdesign med Pearl Sts anpassade tj\u00e4nster, d\u00e4r din vision f\u00f6rvandlas till professionell verklighet.","robots":{"index":"index","follow":"follow","max-snippet":"max-snippet:-1","max-image-preview":"max-image-preview:large","max-video-preview":"max-video-preview:-1"},"canonical":"https:\/\/pearlstreet.se\/sv\/produktionsdesign-tjanster\/","og_locale":"sv_SE","og_type":"article","og_title":"Tj\u00e4nster inom produktionsdesign - H\u00f6j dina visioner | Pearl St","og_description":"Upplev toppen av produktionsdesign med Pearl Sts anpassade tj\u00e4nster, d\u00e4r din vision f\u00f6rvandlas till professionell verklighet.","og_url":"https:\/\/pearlstreet.se\/sv\/produktionsdesign-tjanster\/","og_site_name":"Pearl St.","article_publisher":"https:\/\/www.facebook.com\/pearlstreetproduction\/","article_modified_time":"2025-01-19T09:40:32+00:00","twitter_card":"summary_large_image","twitter_misc":{"Ber\u00e4knad l\u00e4stid":"2 minuter"},"schema":{"@context":"https:\/\/schema.org","@graph":[{"@type":"WebPage","@id":"https:\/\/pearlstreet.se\/sv\/produktionsdesign-tjanster\/","url":"https:\/\/pearlstreet.se\/sv\/produktionsdesign-tjanster\/","name":"Tj\u00e4nster inom produktionsdesign - H\u00f6j dina visioner | Pearl St","isPartOf":{"@id":"http:\/\/pearlstreet.se\/sv\/#website"},"datePublished":"2023-10-19T19:15:22+00:00","dateModified":"2025-01-19T09:40:32+00:00","description":"Upplev toppen av produktionsdesign med Pearl Sts anpassade tj\u00e4nster, d\u00e4r din vision f\u00f6rvandlas till professionell verklighet.","breadcrumb":{"@id":"https:\/\/pearlstreet.se\/sv\/produktionsdesign-tjanster\/#breadcrumb"},"inLanguage":"sv-SE","potentialAction":[{"@type":"ReadAction","target":["https:\/\/pearlstreet.se\/sv\/produktionsdesign-tjanster\/"]}]},{"@type":"BreadcrumbList","@id":"https:\/\/pearlstreet.se\/sv\/produktionsdesign-tjanster\/#breadcrumb","itemListElement":[{"@type":"ListItem","position":1,"name":"Hem","item":"https:\/\/pearlstreet.se\/sv\/"},{"@type":"ListItem","position":2,"name":"Produktionsdesign &#038; tj\u00e4nster"}]},{"@type":"WebSite","@id":"http:\/\/pearlstreet.se\/sv\/#website","url":"http:\/\/pearlstreet.se\/sv\/","name":"Pearl St.","description":"Pearl St. - Your innovative event production &amp; solutions partner","publisher":{"@id":"http:\/\/pearlstreet.se\/sv\/#organization"},"alternateName":"Pearl Street Production Support AB","potentialAction":[{"@type":"SearchAction","target":{"@type":"EntryPoint","urlTemplate":"http:\/\/pearlstreet.se\/sv\/?s={search_term_string}"},"query-input":{"@type":"PropertyValueSpecification","valueRequired":true,"valueName":"search_term_string"}}],"inLanguage":"sv-SE"},{"@type":"Organization","@id":"http:\/\/pearlstreet.se\/sv\/#organization","name":"Pearl St.","alternateName":"Pearl Street Production Support AB","url":"http:\/\/pearlstreet.se\/sv\/","logo":{"@type":"ImageObject","inLanguage":"sv-SE","@id":"http:\/\/pearlstreet.se\/sv\/#\/schema\/logo\/image\/","url":"https:\/\/pearlstreet.se\/wp-content\/uploads\/2024\/06\/logo-pearlstreet.jpg","contentUrl":"https:\/\/pearlstreet.se\/wp-content\/uploads\/2024\/06\/logo-pearlstreet.jpg","width":1080,"height":1080,"caption":"Pearl St."},"image":{"@id":"http:\/\/pearlstreet.se\/sv\/#\/schema\/logo\/image\/"},"sameAs":["https:\/\/www.facebook.com\/pearlstreetproduction\/","https:\/\/www.instagram.com\/pearl_street_production\/","https:\/\/www.linkedin.com\/company\/pearl-street-production-support-ab\/about\/"]}]}},"_links":{"self":[{"href":"https:\/\/pearlstreet.se\/sv\/wp-json\/wp\/v2\/pages\/691","targetHints":{"allow":["GET"]}}],"collection":[{"href":"https:\/\/pearlstreet.se\/sv\/wp-json\/wp\/v2\/pages"}],"about":[{"href":"https:\/\/pearlstreet.se\/sv\/wp-json\/wp\/v2\/types\/page"}],"author":[{"embeddable":true,"href":"https:\/\/pearlstreet.se\/sv\/wp-json\/wp\/v2\/users\/2"}],"replies":[{"embeddable":true,"href":"https:\/\/pearlstreet.se\/sv\/wp-json\/wp\/v2\/comments?post=691"}],"version-history":[{"count":12,"href":"https:\/\/pearlstreet.se\/sv\/wp-json\/wp\/v2\/pages\/691\/revisions"}],"predecessor-version":[{"id":1772,"href":"https:\/\/pearlstreet.se\/sv\/wp-json\/wp\/v2\/pages\/691\/revisions\/1772"}],"wp:attachment":[{"href":"https:\/\/pearlstreet.se\/sv\/wp-json\/wp\/v2\/media?parent=691"}],"curies":[{"name":"wp","href":"https:\/\/api.w.org\/{rel}","templated":true}]}}