{"id":685,"date":"2023-10-19T19:22:56","date_gmt":"2023-10-19T19:22:56","guid":{"rendered":"https:\/\/pearlstreet.se\/tekniska-losningar-utrustning\/"},"modified":"2024-12-09T21:21:49","modified_gmt":"2024-12-09T21:21:49","slug":"tekniska-losningar-utrustning","status":"publish","type":"page","link":"https:\/\/pearlstreet.se\/sv\/tekniska-losningar-utrustning\/","title":{"rendered":"Tekniska l\u00f6sningar &amp; utrustning"},"content":{"rendered":"<p>P\u00e5 Pearl St. \u00e4r vi dedikerade till att erbjuda toppmoderna, effektiva och geniala l\u00f6sningar f\u00f6r signal-\/str\u00f6mf\u00f6rdelning, infrastruktur, paketering och all den n\u00f6dv\u00e4ndiga utrustning som kr\u00e4vs f\u00f6r att optimera armaturer, LED-v\u00e4ggar, h\u00f6gtalare, osv. Det \u00e4r enkelt att ta fram den specifika typen av armaturer, LED-v\u00e4ggar och h\u00f6gtalare som dina designers efterfr\u00e5gar, ligger v\u00e5r sanna passion i konsten att s\u00f6ml\u00f6st integrera dessa komponenter med den finaste supportutrustningen. V\u00e5r mission \u00e4r att ge dig de b\u00e4sta f\u00f6ruts\u00e4ttningarna att skapa de mest exceptionella produktioner som g\u00e5r att f\u00f6rest\u00e4lla sig.<\/p>\n<p><strong>Vad som g\u00f6r oss extraordin\u00e4ra:<\/strong><\/p>\n<p><strong>Smarta l\u00f6sningar:<\/strong> i \u00e4r specialiserade i intelligenta, framtidsinriktade l\u00f6sningar som effektiviserar din produktionsprocess och maximerar effektiviteten.<\/p>\n<p><strong>Innovation i hj\u00e4rtat:<\/strong> Innovation \u00e4r v\u00e5r drivkraft. Vi utforskar st\u00e4ndigt ny teknik och metoder f\u00f6r att f\u00f6rb\u00e4ttra dina produktioner.<\/p>\n<p><strong>Kraftfull Infrastruktur:<\/strong> V\u00e5ra infrastrukturl\u00f6sningar s\u00e4kerst\u00e4ller p\u00e5litlig kraftdistribution och signalhantering, vilket utg\u00f6r grunden f\u00f6r dina produktioner.<\/p>\n<p><strong>Skr\u00e4ddarsydd Support:<\/strong> Vi samarbetar n\u00e4ra med designers f\u00f6r att f\u00f6rst\u00e5 deras unika behov och anpassar v\u00e5r utrustning f\u00f6r att matcha deras vision.<\/p>\n<p>Kontakta oss p\u00e5 Pearl St. och uppt\u00e4ck hur v\u00e5r innovativa utrustning och oavbrutna engagemang f\u00f6r excellens kan lyfta dina produktioner till nya h\u00f6jder. Kontakta oss idag f\u00f6r att utforska o\u00e4ndliga m\u00f6jligheter och f\u00f6rverkliga dina kreativa visioner!<\/p>\n<p>&nbsp;<\/p>\n<p><strong>UTRUSTNINGSOMR\u00c5DEN<\/strong><\/p>\n<p><strong>Visuell Briljans<\/strong><br \/>\nV\u00e5rt omfattande lager inkluderar m\u00e5ngsidiga modul\u00e4ra LED-paneler som m\u00f6jligg\u00f6r dynamiska visningar, begr\u00e4nsade endast av din fantasi. G\u00f6r ett avtryck med f\u00e4ngslande videov\u00e4ggar som suger in din publik i imponerande visuella upplevelser, eller skapa uppslukande milj\u00f6er fr\u00e5n grunden med LED-golv. Leverera kristallklara bilder med h\u00f6gkvalitativa sk\u00e4rmar, er\u00f6vra stora ytor utomhus med robusta utomhus-LED-sk\u00e4rmar och omvandla allt fr\u00e5n arenor till sm\u00e5 rum med inomhus-LED-sk\u00e4rmar. F\u00f6r dem som vill utmana gr\u00e4nserna f\u00f6r kreativitet, trotsar v\u00e5ra kreativa LED-l\u00f6sningar konventionen. Vi erbjuder \u00e4ven projektion och sk\u00e4rmar f\u00f6r filmisk excellens, tillsammans med toppmoderna mediaservrar och mediekontroller, samt i\u00f6gonfallande digital skyltning.<\/p>\n<p><a href=\"https:\/\/pearlstreet.se\/sv\/led-projektioner\/\">LED &amp; PROJEKTIONER<\/a><\/p>\n<p><a href=\"https:\/\/pearlstreet.se\/sv\/media-servers-play-out\/\">MEDIA SERVERS &amp; PLAY OUT<\/a><\/p>\n<p>&nbsp;<\/p>\n<p><strong>Lysande Belysning<\/strong><\/p>\n<p>P\u00e5 Pearl St erbjuder vi ett brett utbud av belysningsl\u00f6sningar f\u00f6r alla typer av evenemang. Fr\u00e5n dynamiska r\u00f6rliga lampor till precisa spotlights och vibrerande wash lights, v\u00e5rt sortiment inkluderar topprodukter fr\u00e5n varum\u00e4rken som MA Lighting, Martin, Robe och Clay Paky. Belys ditt evenemang med fantastiska effekter, oavsett om det g\u00e4ller stora konserter, teaterf\u00f6rest\u00e4llningar eller f\u00f6retagsevenemang. WVi erbjuder intelligenta belysningssystem f\u00f6r immersiva upplevelser, tillsammans med avancerade kontrollsystem f\u00f6r s\u00f6ml\u00f6s drift. Skapa imponerande visuella effekter och transformera vilken lokal som helst med v\u00e5ra m\u00e5ngsidiga belysningsl\u00f6sningar.<\/p>\n<p><a href=\"https:\/\/pearlstreet.se\/sv\/ljus\/\">LJUS<\/a><\/p>\n<p>&nbsp;<\/p>\n<p><strong>F\u00e5nga Varje \u00d6gonblick<\/strong><br \/>\nF\u00f6r de som \u00e4r i rampljuset erbjuder vi f\u00f6rstklassig kamera- och s\u00e4ndningsutrustning f\u00f6r att f\u00e5nga varje \u00f6gonblick i perfekt detalj.<\/p>\n<p><a href=\"https:\/\/pearlstreet.se\/sv\/kameraproduktion\/\">KAMERAPRODUKTION<\/a><\/p>\n<p>&nbsp;<\/p>\n<p><strong>Ljudm\u00e4ssig Excellens<\/strong><br \/>\nTa kontroll \u00f6ver scenen med kraftfulla PA-system som levererar exceptionell ljudkvalitet.. V\u00e5ra p\u00e5litliga tr\u00e5dl\u00f6sa mikrofoner s\u00e4kerst\u00e4ller att artister kan framtr\u00e4da utan kablar med kristallklart ljud, medan in-ear monitors (IEMs) erbjuder personlig medh\u00f6rning f\u00f6r en felfri prestation. H\u00e5ll dansgolvet levande med v\u00e5r h\u00f6gkvalitativa DJ-utrustning och uppn\u00e5 ljudperfection med v\u00e5ra toppmoderna mixerbord.<\/p>\n<p><a href=\"https:\/\/pearlstreet.se\/sv\/ljud\/\">LJUD<\/a><\/p>\n<p>&nbsp;<\/p>\n<p><strong>S\u00f6ml\u00f6s Kommunikation<\/strong><br \/>\nH\u00e5ll kontakten och beh\u00e5ll kontrollen med v\u00e5ra p\u00e5litliga intercom- och cam-radio system fr\u00e5n branschledare som Riedel, Green Go och Motorola. Med Riedels avancerade kommunikationsl\u00f6sningar kan du s\u00e4kerst\u00e4lla felfri samordning under ditt evenemang och leverera kristallklart ljud till varje teammedlem, fr\u00e5n personal till artister. Green Go erbjuder innovativa digitala intercomsystem designade f\u00f6r professionella produktioner, vilket m\u00f6jligg\u00f6r s\u00f6ml\u00f6s kommunikation med minimal latency. Motorolas robusta tv\u00e5v\u00e4gsradioapparater ger p\u00e5litlig kommunikation p\u00e5 l\u00e5ng r\u00e4ckvidd och s\u00e4kerst\u00e4ller att ditt team \u00e4r uppkopplat, oavsett evenemangets storlek eller komplexitet. Oavsett om du koordinerar en livef\u00f6rest\u00e4llning, hanterar logistiken f\u00f6r en storskalig produktion eller uppr\u00e4tth\u00e5ller tydlig kommunikation mellan olika evenemangsteam, erbjuder v\u00e5ra intercom- och cam-radio system den tillf\u00f6rlitlighet och flexibilitet som kr\u00e4vs f\u00f6r att ditt evenemang ska flyta p\u00e5 smidigt.<\/p>\n<p>&nbsp;<\/p>\n<p><strong>Support Structures<\/strong><br \/>\nBygg med sj\u00e4lvf\u00f6rtroende med v\u00e5ra h\u00e5llbara riggsystem, s\u00e4kerst\u00e4ll ditt evenemangs framg\u00e5ng med s\u00e4kra och p\u00e5litliga riggl\u00f6sningar, h\u00f6j din produktion till nya h\u00f6jder med h\u00f6gkvalitativa lyftsystem, och bygg starkt med v\u00e5ra f\u00f6rstklassiga trusskonstruktioner.<\/p>\n<p><a href=\"https:\/\/pearlstreet.se\/sv\/truss-rigging\/\">TRUSS &amp; RIGGING<\/a><\/p>\n<p><a href=\"https:\/\/pearlstreet.se\/sv\/modtruss\/\">MODTRUSS<\/a><\/p>\n<p>&nbsp;<\/p>\n<p><strong>Scenl\u00f6sningar<\/strong><br \/>\nCSkapa scener i alla storlekar och former med v\u00e5ra m\u00e5ngsidiga scenplattformar, och n\u00e5 nya h\u00f6jder med s\u00e4kra st\u00e4llningsl\u00f6sningar.<\/p>\n<p><a href=\"https:\/\/pearlstreet.se\/sv\/scener\/\">SCENER<\/a><\/p>\n","protected":false},"excerpt":{"rendered":"<p>P\u00e5 Pearl St. \u00e4r vi dedikerade till att erbjuda toppmoderna, effektiva och geniala l\u00f6sningar f\u00f6r signal-\/str\u00f6mf\u00f6rdelning, infrastruktur, paketering och all den n\u00f6dv\u00e4ndiga utrustning som kr\u00e4vs f\u00f6r att optimera armaturer, LED-v\u00e4ggar, h\u00f6gtalare, osv. Det \u00e4r enkelt att ta fram den specifika typen av armaturer, LED-v\u00e4ggar och h\u00f6gtalare som dina designers efterfr\u00e5gar, ligger v\u00e5r sanna passion i [&hellip;]<\/p>\n","protected":false},"author":2,"featured_media":0,"parent":0,"menu_order":0,"comment_status":"closed","ping_status":"closed","template":"","meta":{"_acf_changed":false,"footnotes":""},"class_list":["post-685","page","type-page","status-publish","hentry"],"acf":[],"yoast_head":"<!-- This site is optimized with the Yoast SEO plugin v27.2 - https:\/\/yoast.com\/product\/yoast-seo-wordpress\/ -->\n<title>Visuell och Ljudm\u00e4ssig Briljans i Evenemangsproduktion | Pearl St<\/title>\n<meta name=\"description\" content=\"F\u00f6rb\u00e4ttra din evenemangsproduktion med Pearl Sts utrustningsl\u00f6sningar och din ultimata destination f\u00f6r toppmodern ljud-, ljus-, och bildutrustning.\" \/>\n<meta name=\"robots\" content=\"index, follow, max-snippet:-1, max-image-preview:large, max-video-preview:-1\" \/>\n<link rel=\"canonical\" href=\"https:\/\/pearlstreet.se\/sv\/tekniska-losningar-utrustning\/\" \/>\n<meta property=\"og:locale\" content=\"sv_SE\" \/>\n<meta property=\"og:type\" content=\"article\" \/>\n<meta property=\"og:title\" content=\"Visuell och Ljudm\u00e4ssig Briljans i Evenemangsproduktion | Pearl St\" \/>\n<meta property=\"og:description\" content=\"F\u00f6rb\u00e4ttra din evenemangsproduktion med Pearl Sts utrustningsl\u00f6sningar och din ultimata destination f\u00f6r toppmodern ljud-, ljus-, och bildutrustning.\" \/>\n<meta property=\"og:url\" content=\"https:\/\/pearlstreet.se\/sv\/tekniska-losningar-utrustning\/\" \/>\n<meta property=\"og:site_name\" content=\"Pearl St.\" \/>\n<meta property=\"article:publisher\" content=\"https:\/\/www.facebook.com\/pearlstreetproduction\/\" \/>\n<meta property=\"article:modified_time\" content=\"2024-12-09T21:21:49+00:00\" \/>\n<meta name=\"twitter:card\" content=\"summary_large_image\" \/>\n<meta name=\"twitter:label1\" content=\"Ber\u00e4knad l\u00e4stid\" \/>\n\t<meta name=\"twitter:data1\" content=\"3 minuter\" \/>\n<script type=\"application\/ld+json\" class=\"yoast-schema-graph\">{\"@context\":\"https:\/\/schema.org\",\"@graph\":[{\"@type\":\"WebPage\",\"@id\":\"https:\/\/pearlstreet.se\/sv\/tekniska-losningar-utrustning\/\",\"url\":\"https:\/\/pearlstreet.se\/sv\/tekniska-losningar-utrustning\/\",\"name\":\"Visuell och Ljudm\u00e4ssig Briljans i Evenemangsproduktion | Pearl St\",\"isPartOf\":{\"@id\":\"http:\/\/pearlstreet.se\/sv\/#website\"},\"datePublished\":\"2023-10-19T19:22:56+00:00\",\"dateModified\":\"2024-12-09T21:21:49+00:00\",\"description\":\"F\u00f6rb\u00e4ttra din evenemangsproduktion med Pearl Sts utrustningsl\u00f6sningar och din ultimata destination f\u00f6r toppmodern ljud-, ljus-, och bildutrustning.\",\"breadcrumb\":{\"@id\":\"https:\/\/pearlstreet.se\/sv\/tekniska-losningar-utrustning\/#breadcrumb\"},\"inLanguage\":\"sv-SE\",\"potentialAction\":[{\"@type\":\"ReadAction\",\"target\":[\"https:\/\/pearlstreet.se\/sv\/tekniska-losningar-utrustning\/\"]}]},{\"@type\":\"BreadcrumbList\",\"@id\":\"https:\/\/pearlstreet.se\/sv\/tekniska-losningar-utrustning\/#breadcrumb\",\"itemListElement\":[{\"@type\":\"ListItem\",\"position\":1,\"name\":\"Hem\",\"item\":\"https:\/\/pearlstreet.se\/sv\/\"},{\"@type\":\"ListItem\",\"position\":2,\"name\":\"Tekniska l\u00f6sningar &amp; utrustning\"}]},{\"@type\":\"WebSite\",\"@id\":\"http:\/\/pearlstreet.se\/sv\/#website\",\"url\":\"http:\/\/pearlstreet.se\/sv\/\",\"name\":\"Pearl St.\",\"description\":\"Pearl St. - Your innovative event production &amp; solutions partner\",\"publisher\":{\"@id\":\"http:\/\/pearlstreet.se\/sv\/#organization\"},\"alternateName\":\"Pearl Street Production Support AB\",\"potentialAction\":[{\"@type\":\"SearchAction\",\"target\":{\"@type\":\"EntryPoint\",\"urlTemplate\":\"http:\/\/pearlstreet.se\/sv\/?s={search_term_string}\"},\"query-input\":{\"@type\":\"PropertyValueSpecification\",\"valueRequired\":true,\"valueName\":\"search_term_string\"}}],\"inLanguage\":\"sv-SE\"},{\"@type\":\"Organization\",\"@id\":\"http:\/\/pearlstreet.se\/sv\/#organization\",\"name\":\"Pearl St.\",\"alternateName\":\"Pearl Street Production Support AB\",\"url\":\"http:\/\/pearlstreet.se\/sv\/\",\"logo\":{\"@type\":\"ImageObject\",\"inLanguage\":\"sv-SE\",\"@id\":\"http:\/\/pearlstreet.se\/sv\/#\/schema\/logo\/image\/\",\"url\":\"https:\/\/pearlstreet.se\/wp-content\/uploads\/2024\/06\/logo-pearlstreet.jpg\",\"contentUrl\":\"https:\/\/pearlstreet.se\/wp-content\/uploads\/2024\/06\/logo-pearlstreet.jpg\",\"width\":1080,\"height\":1080,\"caption\":\"Pearl St.\"},\"image\":{\"@id\":\"http:\/\/pearlstreet.se\/sv\/#\/schema\/logo\/image\/\"},\"sameAs\":[\"https:\/\/www.facebook.com\/pearlstreetproduction\/\",\"https:\/\/www.instagram.com\/pearl_street_production\/\",\"https:\/\/www.linkedin.com\/company\/pearl-street-production-support-ab\/about\/\"]}]}<\/script>\n<!-- \/ Yoast SEO plugin. -->","yoast_head_json":{"title":"Visuell och Ljudm\u00e4ssig Briljans i Evenemangsproduktion | Pearl St","description":"F\u00f6rb\u00e4ttra din evenemangsproduktion med Pearl Sts utrustningsl\u00f6sningar och din ultimata destination f\u00f6r toppmodern ljud-, ljus-, och bildutrustning.","robots":{"index":"index","follow":"follow","max-snippet":"max-snippet:-1","max-image-preview":"max-image-preview:large","max-video-preview":"max-video-preview:-1"},"canonical":"https:\/\/pearlstreet.se\/sv\/tekniska-losningar-utrustning\/","og_locale":"sv_SE","og_type":"article","og_title":"Visuell och Ljudm\u00e4ssig Briljans i Evenemangsproduktion | Pearl St","og_description":"F\u00f6rb\u00e4ttra din evenemangsproduktion med Pearl Sts utrustningsl\u00f6sningar och din ultimata destination f\u00f6r toppmodern ljud-, ljus-, och bildutrustning.","og_url":"https:\/\/pearlstreet.se\/sv\/tekniska-losningar-utrustning\/","og_site_name":"Pearl St.","article_publisher":"https:\/\/www.facebook.com\/pearlstreetproduction\/","article_modified_time":"2024-12-09T21:21:49+00:00","twitter_card":"summary_large_image","twitter_misc":{"Ber\u00e4knad l\u00e4stid":"3 minuter"},"schema":{"@context":"https:\/\/schema.org","@graph":[{"@type":"WebPage","@id":"https:\/\/pearlstreet.se\/sv\/tekniska-losningar-utrustning\/","url":"https:\/\/pearlstreet.se\/sv\/tekniska-losningar-utrustning\/","name":"Visuell och Ljudm\u00e4ssig Briljans i Evenemangsproduktion | Pearl St","isPartOf":{"@id":"http:\/\/pearlstreet.se\/sv\/#website"},"datePublished":"2023-10-19T19:22:56+00:00","dateModified":"2024-12-09T21:21:49+00:00","description":"F\u00f6rb\u00e4ttra din evenemangsproduktion med Pearl Sts utrustningsl\u00f6sningar och din ultimata destination f\u00f6r toppmodern ljud-, ljus-, och bildutrustning.","breadcrumb":{"@id":"https:\/\/pearlstreet.se\/sv\/tekniska-losningar-utrustning\/#breadcrumb"},"inLanguage":"sv-SE","potentialAction":[{"@type":"ReadAction","target":["https:\/\/pearlstreet.se\/sv\/tekniska-losningar-utrustning\/"]}]},{"@type":"BreadcrumbList","@id":"https:\/\/pearlstreet.se\/sv\/tekniska-losningar-utrustning\/#breadcrumb","itemListElement":[{"@type":"ListItem","position":1,"name":"Hem","item":"https:\/\/pearlstreet.se\/sv\/"},{"@type":"ListItem","position":2,"name":"Tekniska l\u00f6sningar &amp; utrustning"}]},{"@type":"WebSite","@id":"http:\/\/pearlstreet.se\/sv\/#website","url":"http:\/\/pearlstreet.se\/sv\/","name":"Pearl St.","description":"Pearl St. - Your innovative event production &amp; solutions partner","publisher":{"@id":"http:\/\/pearlstreet.se\/sv\/#organization"},"alternateName":"Pearl Street Production Support AB","potentialAction":[{"@type":"SearchAction","target":{"@type":"EntryPoint","urlTemplate":"http:\/\/pearlstreet.se\/sv\/?s={search_term_string}"},"query-input":{"@type":"PropertyValueSpecification","valueRequired":true,"valueName":"search_term_string"}}],"inLanguage":"sv-SE"},{"@type":"Organization","@id":"http:\/\/pearlstreet.se\/sv\/#organization","name":"Pearl St.","alternateName":"Pearl Street Production Support AB","url":"http:\/\/pearlstreet.se\/sv\/","logo":{"@type":"ImageObject","inLanguage":"sv-SE","@id":"http:\/\/pearlstreet.se\/sv\/#\/schema\/logo\/image\/","url":"https:\/\/pearlstreet.se\/wp-content\/uploads\/2024\/06\/logo-pearlstreet.jpg","contentUrl":"https:\/\/pearlstreet.se\/wp-content\/uploads\/2024\/06\/logo-pearlstreet.jpg","width":1080,"height":1080,"caption":"Pearl St."},"image":{"@id":"http:\/\/pearlstreet.se\/sv\/#\/schema\/logo\/image\/"},"sameAs":["https:\/\/www.facebook.com\/pearlstreetproduction\/","https:\/\/www.instagram.com\/pearl_street_production\/","https:\/\/www.linkedin.com\/company\/pearl-street-production-support-ab\/about\/"]}]}},"_links":{"self":[{"href":"https:\/\/pearlstreet.se\/sv\/wp-json\/wp\/v2\/pages\/685","targetHints":{"allow":["GET"]}}],"collection":[{"href":"https:\/\/pearlstreet.se\/sv\/wp-json\/wp\/v2\/pages"}],"about":[{"href":"https:\/\/pearlstreet.se\/sv\/wp-json\/wp\/v2\/types\/page"}],"author":[{"embeddable":true,"href":"https:\/\/pearlstreet.se\/sv\/wp-json\/wp\/v2\/users\/2"}],"replies":[{"embeddable":true,"href":"https:\/\/pearlstreet.se\/sv\/wp-json\/wp\/v2\/comments?post=685"}],"version-history":[{"count":10,"href":"https:\/\/pearlstreet.se\/sv\/wp-json\/wp\/v2\/pages\/685\/revisions"}],"predecessor-version":[{"id":1297,"href":"https:\/\/pearlstreet.se\/sv\/wp-json\/wp\/v2\/pages\/685\/revisions\/1297"}],"wp:attachment":[{"href":"https:\/\/pearlstreet.se\/sv\/wp-json\/wp\/v2\/media?parent=685"}],"curies":[{"name":"wp","href":"https:\/\/api.w.org\/{rel}","templated":true}]}}