{"id":683,"date":"2023-09-19T08:08:23","date_gmt":"2023-09-19T08:08:23","guid":{"rendered":"https:\/\/pearlstreet.se\/kontakt\/"},"modified":"2026-02-14T17:10:19","modified_gmt":"2026-02-14T17:10:19","slug":"kontakt","status":"publish","type":"page","link":"https:\/\/pearlstreet.se\/sv\/kontakt\/","title":{"rendered":"Kontakt"},"content":{"rendered":"","protected":false},"excerpt":{"rendered":"","protected":false},"author":1,"featured_media":0,"parent":0,"menu_order":0,"comment_status":"closed","ping_status":"closed","template":"page_staff.php","meta":{"_acf_changed":false,"footnotes":""},"class_list":["post-683","page","type-page","status-publish","hentry"],"acf":[],"yoast_head":"<!-- This site is optimized with the Yoast SEO plugin v27.2 - https:\/\/yoast.com\/product\/yoast-seo-wordpress\/ -->\n<title>Kontakta oss p\u00e5 Pearl St. 010 70 79 586 (588), info@pearlstreet.se<\/title>\n<meta name=\"description\" content=\"Uppt\u00e4ck hur v\u00e5r innovativa utrustning och v\u00e5rt orubbliga \u00e5tagande f\u00f6r excellens kan lyfta dina produktioner till nya h\u00f6jder. Kontakta oss idag!\" \/>\n<meta name=\"robots\" content=\"index, follow, max-snippet:-1, max-image-preview:large, max-video-preview:-1\" \/>\n<link rel=\"canonical\" href=\"https:\/\/pearlstreet.se\/sv\/kontakt\/\" \/>\n<meta property=\"og:locale\" content=\"sv_SE\" \/>\n<meta property=\"og:type\" content=\"article\" \/>\n<meta property=\"og:title\" content=\"Kontakta oss p\u00e5 Pearl St. 010 70 79 586 (588), info@pearlstreet.se\" \/>\n<meta property=\"og:description\" content=\"Uppt\u00e4ck hur v\u00e5r innovativa utrustning och v\u00e5rt orubbliga \u00e5tagande f\u00f6r excellens kan lyfta dina produktioner till nya h\u00f6jder. Kontakta oss idag!\" \/>\n<meta property=\"og:url\" content=\"https:\/\/pearlstreet.se\/sv\/kontakt\/\" \/>\n<meta property=\"og:site_name\" content=\"Pearl St.\" \/>\n<meta property=\"article:publisher\" content=\"https:\/\/www.facebook.com\/pearlstreetproduction\/\" \/>\n<meta property=\"article:modified_time\" content=\"2026-02-14T17:10:19+00:00\" \/>\n<meta name=\"twitter:card\" content=\"summary_large_image\" \/>\n<script type=\"application\/ld+json\" class=\"yoast-schema-graph\">{\"@context\":\"https:\/\/schema.org\",\"@graph\":[{\"@type\":\"WebPage\",\"@id\":\"https:\/\/pearlstreet.se\/sv\/kontakt\/\",\"url\":\"https:\/\/pearlstreet.se\/sv\/kontakt\/\",\"name\":\"Kontakta oss p\u00e5 Pearl St. 010 70 79 586 (588), info@pearlstreet.se\",\"isPartOf\":{\"@id\":\"http:\/\/pearlstreet.se\/sv\/#website\"},\"datePublished\":\"2023-09-19T08:08:23+00:00\",\"dateModified\":\"2026-02-14T17:10:19+00:00\",\"description\":\"Uppt\u00e4ck hur v\u00e5r innovativa utrustning och v\u00e5rt orubbliga \u00e5tagande f\u00f6r excellens kan lyfta dina produktioner till nya h\u00f6jder. Kontakta oss idag!\",\"breadcrumb\":{\"@id\":\"https:\/\/pearlstreet.se\/sv\/kontakt\/#breadcrumb\"},\"inLanguage\":\"sv-SE\",\"potentialAction\":[{\"@type\":\"ReadAction\",\"target\":[\"https:\/\/pearlstreet.se\/sv\/kontakt\/\"]}]},{\"@type\":\"BreadcrumbList\",\"@id\":\"https:\/\/pearlstreet.se\/sv\/kontakt\/#breadcrumb\",\"itemListElement\":[{\"@type\":\"ListItem\",\"position\":1,\"name\":\"Hem\",\"item\":\"https:\/\/pearlstreet.se\/sv\/\"},{\"@type\":\"ListItem\",\"position\":2,\"name\":\"Kontakt\"}]},{\"@type\":\"WebSite\",\"@id\":\"http:\/\/pearlstreet.se\/sv\/#website\",\"url\":\"http:\/\/pearlstreet.se\/sv\/\",\"name\":\"Pearl St.\",\"description\":\"Pearl St. - Your innovative event production &amp; solutions partner\",\"publisher\":{\"@id\":\"http:\/\/pearlstreet.se\/sv\/#organization\"},\"alternateName\":\"Pearl Street Production Support AB\",\"potentialAction\":[{\"@type\":\"SearchAction\",\"target\":{\"@type\":\"EntryPoint\",\"urlTemplate\":\"http:\/\/pearlstreet.se\/sv\/?s={search_term_string}\"},\"query-input\":{\"@type\":\"PropertyValueSpecification\",\"valueRequired\":true,\"valueName\":\"search_term_string\"}}],\"inLanguage\":\"sv-SE\"},{\"@type\":\"Organization\",\"@id\":\"http:\/\/pearlstreet.se\/sv\/#organization\",\"name\":\"Pearl St.\",\"alternateName\":\"Pearl Street Production Support AB\",\"url\":\"http:\/\/pearlstreet.se\/sv\/\",\"logo\":{\"@type\":\"ImageObject\",\"inLanguage\":\"sv-SE\",\"@id\":\"http:\/\/pearlstreet.se\/sv\/#\/schema\/logo\/image\/\",\"url\":\"https:\/\/pearlstreet.se\/wp-content\/uploads\/2024\/06\/logo-pearlstreet.jpg\",\"contentUrl\":\"https:\/\/pearlstreet.se\/wp-content\/uploads\/2024\/06\/logo-pearlstreet.jpg\",\"width\":1080,\"height\":1080,\"caption\":\"Pearl St.\"},\"image\":{\"@id\":\"http:\/\/pearlstreet.se\/sv\/#\/schema\/logo\/image\/\"},\"sameAs\":[\"https:\/\/www.facebook.com\/pearlstreetproduction\/\",\"https:\/\/www.instagram.com\/pearl_street_production\/\",\"https:\/\/www.linkedin.com\/company\/pearl-street-production-support-ab\/about\/\"]}]}<\/script>\n<!-- \/ Yoast SEO plugin. -->","yoast_head_json":{"title":"Kontakta oss p\u00e5 Pearl St. 010 70 79 586 (588), info@pearlstreet.se","description":"Uppt\u00e4ck hur v\u00e5r innovativa utrustning och v\u00e5rt orubbliga \u00e5tagande f\u00f6r excellens kan lyfta dina produktioner till nya h\u00f6jder. Kontakta oss idag!","robots":{"index":"index","follow":"follow","max-snippet":"max-snippet:-1","max-image-preview":"max-image-preview:large","max-video-preview":"max-video-preview:-1"},"canonical":"https:\/\/pearlstreet.se\/sv\/kontakt\/","og_locale":"sv_SE","og_type":"article","og_title":"Kontakta oss p\u00e5 Pearl St. 010 70 79 586 (588), info@pearlstreet.se","og_description":"Uppt\u00e4ck hur v\u00e5r innovativa utrustning och v\u00e5rt orubbliga \u00e5tagande f\u00f6r excellens kan lyfta dina produktioner till nya h\u00f6jder. Kontakta oss idag!","og_url":"https:\/\/pearlstreet.se\/sv\/kontakt\/","og_site_name":"Pearl St.","article_publisher":"https:\/\/www.facebook.com\/pearlstreetproduction\/","article_modified_time":"2026-02-14T17:10:19+00:00","twitter_card":"summary_large_image","schema":{"@context":"https:\/\/schema.org","@graph":[{"@type":"WebPage","@id":"https:\/\/pearlstreet.se\/sv\/kontakt\/","url":"https:\/\/pearlstreet.se\/sv\/kontakt\/","name":"Kontakta oss p\u00e5 Pearl St. 010 70 79 586 (588), info@pearlstreet.se","isPartOf":{"@id":"http:\/\/pearlstreet.se\/sv\/#website"},"datePublished":"2023-09-19T08:08:23+00:00","dateModified":"2026-02-14T17:10:19+00:00","description":"Uppt\u00e4ck hur v\u00e5r innovativa utrustning och v\u00e5rt orubbliga \u00e5tagande f\u00f6r excellens kan lyfta dina produktioner till nya h\u00f6jder. Kontakta oss idag!","breadcrumb":{"@id":"https:\/\/pearlstreet.se\/sv\/kontakt\/#breadcrumb"},"inLanguage":"sv-SE","potentialAction":[{"@type":"ReadAction","target":["https:\/\/pearlstreet.se\/sv\/kontakt\/"]}]},{"@type":"BreadcrumbList","@id":"https:\/\/pearlstreet.se\/sv\/kontakt\/#breadcrumb","itemListElement":[{"@type":"ListItem","position":1,"name":"Hem","item":"https:\/\/pearlstreet.se\/sv\/"},{"@type":"ListItem","position":2,"name":"Kontakt"}]},{"@type":"WebSite","@id":"http:\/\/pearlstreet.se\/sv\/#website","url":"http:\/\/pearlstreet.se\/sv\/","name":"Pearl St.","description":"Pearl St. - Your innovative event production &amp; solutions partner","publisher":{"@id":"http:\/\/pearlstreet.se\/sv\/#organization"},"alternateName":"Pearl Street Production Support AB","potentialAction":[{"@type":"SearchAction","target":{"@type":"EntryPoint","urlTemplate":"http:\/\/pearlstreet.se\/sv\/?s={search_term_string}"},"query-input":{"@type":"PropertyValueSpecification","valueRequired":true,"valueName":"search_term_string"}}],"inLanguage":"sv-SE"},{"@type":"Organization","@id":"http:\/\/pearlstreet.se\/sv\/#organization","name":"Pearl St.","alternateName":"Pearl Street Production Support AB","url":"http:\/\/pearlstreet.se\/sv\/","logo":{"@type":"ImageObject","inLanguage":"sv-SE","@id":"http:\/\/pearlstreet.se\/sv\/#\/schema\/logo\/image\/","url":"https:\/\/pearlstreet.se\/wp-content\/uploads\/2024\/06\/logo-pearlstreet.jpg","contentUrl":"https:\/\/pearlstreet.se\/wp-content\/uploads\/2024\/06\/logo-pearlstreet.jpg","width":1080,"height":1080,"caption":"Pearl St."},"image":{"@id":"http:\/\/pearlstreet.se\/sv\/#\/schema\/logo\/image\/"},"sameAs":["https:\/\/www.facebook.com\/pearlstreetproduction\/","https:\/\/www.instagram.com\/pearl_street_production\/","https:\/\/www.linkedin.com\/company\/pearl-street-production-support-ab\/about\/"]}]}},"_links":{"self":[{"href":"https:\/\/pearlstreet.se\/sv\/wp-json\/wp\/v2\/pages\/683","targetHints":{"allow":["GET"]}}],"collection":[{"href":"https:\/\/pearlstreet.se\/sv\/wp-json\/wp\/v2\/pages"}],"about":[{"href":"https:\/\/pearlstreet.se\/sv\/wp-json\/wp\/v2\/types\/page"}],"author":[{"embeddable":true,"href":"https:\/\/pearlstreet.se\/sv\/wp-json\/wp\/v2\/users\/1"}],"replies":[{"embeddable":true,"href":"https:\/\/pearlstreet.se\/sv\/wp-json\/wp\/v2\/comments?post=683"}],"version-history":[{"count":10,"href":"https:\/\/pearlstreet.se\/sv\/wp-json\/wp\/v2\/pages\/683\/revisions"}],"predecessor-version":[{"id":2056,"href":"https:\/\/pearlstreet.se\/sv\/wp-json\/wp\/v2\/pages\/683\/revisions\/2056"}],"wp:attachment":[{"href":"https:\/\/pearlstreet.se\/sv\/wp-json\/wp\/v2\/media?parent=683"}],"curies":[{"name":"wp","href":"https:\/\/api.w.org\/{rel}","templated":true}]}}