{"id":680,"date":"2023-09-19T08:12:38","date_gmt":"2023-09-19T08:12:38","guid":{"rendered":"https:\/\/pearlstreet.se\/case-stories\/"},"modified":"2024-10-30T13:12:39","modified_gmt":"2024-10-30T13:12:39","slug":"tidigare-projekt","status":"publish","type":"page","link":"https:\/\/pearlstreet.se\/sv\/tidigare-projekt\/","title":{"rendered":"Tidigare projekt"},"content":{"rendered":"<p style=\"text-align: left;\">H\u00e4r p\u00e5 Pearl St. tror vi p\u00e5 kraften i transparens och excellens. Det \u00e4r d\u00e4rf\u00f6r vi \u00e4r stolta \u00f6ver att presentera v\u00e5r portfolio med framg\u00e5ngsrikt avslutade projekt. V\u00e5rt tidigare arbete vittnar om v\u00e5rt engagemang f\u00f6r kvalitet och innovation, och det speglar den kompetens och h\u00e4ngivenhet som definierar oss.<\/p>\n<p style=\"text-align: left;\"><strong>V\u00e5r portfolio<\/strong><br \/>\nUppt\u00e4ck det m\u00e5ngsidiga utbudet av projekt vi har genomf\u00f6rt, fr\u00e5n toppmoderna teknikl\u00f6sningar till h\u00e4pnadsv\u00e4ckande designskapelser. Varje projekt i v\u00e5r portfolio representerar en unik utmaning m\u00f6tt med skicklighet, kreativitet och outtr\u00f6ttlig beslutsamhet. Vi bjuder in dig att f\u00f6rdjupa dig i v\u00e5ra tidigare projekt, utforska v\u00e5ra framg\u00e5ngshistorier och l\u00e5ta dig inspireras av resultaten.<\/p>\n<p style=\"text-align: left;\"><strong>En inblick i v\u00e5r expertis<\/strong><br \/>\nV\u00e5r portfolio \u00e4r ett levande bevis p\u00e5 v\u00e5r kapacitet och en f\u00f6rhandsvisning av vad vi kan uppn\u00e5 f\u00f6r dig. Oavsett om du s\u00f6ker inspiration, utv\u00e4rderar v\u00e5ra f\u00e4rdigheter eller helt enkelt \u00e4r intresserad av att se omfattningen av v\u00e5rt arbete, \u00e4r v\u00e5ra showcase bra referenser. Det \u00e4r ett f\u00f6nster till v\u00e4rlden av m\u00f6jligheter n\u00e4r du samarbetar med Pearl St.<\/p>\n<p style=\"text-align: left;\"><strong>Din vision, V\u00e5r expertis.<\/strong><br \/>\nP\u00e5 Pearl St \u00e4r vi dedikerade till att f\u00f6rvandla din vision till verklighet. Projekten i v\u00e5r portfolio vittnar om den precision, kreativitet och engagemang som vi tar med till varje projekt. Vi ser fram emot att l\u00e4gga till ditt projekt till v\u00e5r v\u00e4xande lista av framg\u00e5ngshistorier.<\/p>\n<p style=\"text-align: left;\">Redo att se vad vi kan \u00e5stadkomma tillsammans? <strong><a href=\"https:\/\/pearlstreet.se\/sv\/kontakt\/\">Kontakta oss<\/a><\/strong> idag f\u00f6r att diskutera ditt projekt och utforska o\u00e4ndliga m\u00f6jligheter. Din framg\u00e5ngshistoria kan vara den n\u00e4sta som vi stolt presenterar i v\u00e5r portfolio!<\/p>\n","protected":false},"excerpt":{"rendered":"<p>H\u00e4r p\u00e5 Pearl St. tror vi p\u00e5 kraften i transparens och excellens. Det \u00e4r d\u00e4rf\u00f6r vi \u00e4r stolta \u00f6ver att presentera v\u00e5r portfolio med framg\u00e5ngsrikt avslutade projekt. V\u00e5rt tidigare arbete vittnar om v\u00e5rt engagemang f\u00f6r kvalitet och innovation, och det speglar den kompetens och h\u00e4ngivenhet som definierar oss. V\u00e5r portfolio Uppt\u00e4ck det m\u00e5ngsidiga utbudet av [&hellip;]<\/p>\n","protected":false},"author":1,"featured_media":0,"parent":0,"menu_order":0,"comment_status":"closed","ping_status":"closed","template":"page_cases.php","meta":{"_acf_changed":false,"footnotes":""},"class_list":["post-680","page","type-page","status-publish","hentry"],"acf":[],"yoast_head":"<!-- This site is optimized with the Yoast SEO plugin v27.2 - https:\/\/yoast.com\/product\/yoast-seo-wordpress\/ -->\n<title>Portfolio med genomf\u00f6rda projekt: Showcase &amp; ref. | Pearl St.<\/title>\n<meta name=\"description\" content=\"Utforska Pearl St&#039;s breda portfolio med genomf\u00f6rda projektof genom v\u00e5ra Case Stories. Upplev kraften av transparens och excellens i projekt som str\u00e4cker sig fr\u00e5n innovativa teknikl\u00f6sningar till h\u00e4pnadsv\u00e4ckande designskapelser.\" \/>\n<meta name=\"robots\" content=\"index, follow, max-snippet:-1, max-image-preview:large, max-video-preview:-1\" \/>\n<link rel=\"canonical\" href=\"https:\/\/pearlstreet.se\/sv\/tidigare-projekt\/\" \/>\n<meta property=\"og:locale\" content=\"sv_SE\" \/>\n<meta property=\"og:type\" content=\"article\" \/>\n<meta property=\"og:title\" content=\"Portfolio med genomf\u00f6rda projekt: Showcase &amp; ref. | Pearl St.\" \/>\n<meta property=\"og:description\" content=\"Utforska Pearl St&#039;s breda portfolio med genomf\u00f6rda projektof genom v\u00e5ra Case Stories. Upplev kraften av transparens och excellens i projekt som str\u00e4cker sig fr\u00e5n innovativa teknikl\u00f6sningar till h\u00e4pnadsv\u00e4ckande designskapelser.\" \/>\n<meta property=\"og:url\" content=\"https:\/\/pearlstreet.se\/sv\/tidigare-projekt\/\" \/>\n<meta property=\"og:site_name\" content=\"Pearl St.\" \/>\n<meta property=\"article:publisher\" content=\"https:\/\/www.facebook.com\/pearlstreetproduction\/\" \/>\n<meta property=\"article:modified_time\" content=\"2024-10-30T13:12:39+00:00\" \/>\n<meta name=\"twitter:card\" content=\"summary_large_image\" \/>\n<meta name=\"twitter:label1\" content=\"Ber\u00e4knad l\u00e4stid\" \/>\n\t<meta name=\"twitter:data1\" content=\"2 minuter\" \/>\n<script type=\"application\/ld+json\" class=\"yoast-schema-graph\">{\"@context\":\"https:\/\/schema.org\",\"@graph\":[{\"@type\":\"WebPage\",\"@id\":\"https:\/\/pearlstreet.se\/sv\/tidigare-projekt\/\",\"url\":\"https:\/\/pearlstreet.se\/sv\/tidigare-projekt\/\",\"name\":\"Portfolio med genomf\u00f6rda projekt: Showcase & ref. | Pearl St.\",\"isPartOf\":{\"@id\":\"http:\/\/pearlstreet.se\/sv\/#website\"},\"datePublished\":\"2023-09-19T08:12:38+00:00\",\"dateModified\":\"2024-10-30T13:12:39+00:00\",\"description\":\"Utforska Pearl St's breda portfolio med genomf\u00f6rda projektof genom v\u00e5ra Case Stories. Upplev kraften av transparens och excellens i projekt som str\u00e4cker sig fr\u00e5n innovativa teknikl\u00f6sningar till h\u00e4pnadsv\u00e4ckande designskapelser.\",\"breadcrumb\":{\"@id\":\"https:\/\/pearlstreet.se\/sv\/tidigare-projekt\/#breadcrumb\"},\"inLanguage\":\"sv-SE\",\"potentialAction\":[{\"@type\":\"ReadAction\",\"target\":[\"https:\/\/pearlstreet.se\/sv\/tidigare-projekt\/\"]}]},{\"@type\":\"BreadcrumbList\",\"@id\":\"https:\/\/pearlstreet.se\/sv\/tidigare-projekt\/#breadcrumb\",\"itemListElement\":[{\"@type\":\"ListItem\",\"position\":1,\"name\":\"Hem\",\"item\":\"https:\/\/pearlstreet.se\/sv\/\"},{\"@type\":\"ListItem\",\"position\":2,\"name\":\"Tidigare projekt\"}]},{\"@type\":\"WebSite\",\"@id\":\"http:\/\/pearlstreet.se\/sv\/#website\",\"url\":\"http:\/\/pearlstreet.se\/sv\/\",\"name\":\"Pearl St.\",\"description\":\"Pearl St. - Your innovative event production &amp; solutions partner\",\"publisher\":{\"@id\":\"http:\/\/pearlstreet.se\/sv\/#organization\"},\"alternateName\":\"Pearl Street Production Support AB\",\"potentialAction\":[{\"@type\":\"SearchAction\",\"target\":{\"@type\":\"EntryPoint\",\"urlTemplate\":\"http:\/\/pearlstreet.se\/sv\/?s={search_term_string}\"},\"query-input\":{\"@type\":\"PropertyValueSpecification\",\"valueRequired\":true,\"valueName\":\"search_term_string\"}}],\"inLanguage\":\"sv-SE\"},{\"@type\":\"Organization\",\"@id\":\"http:\/\/pearlstreet.se\/sv\/#organization\",\"name\":\"Pearl St.\",\"alternateName\":\"Pearl Street Production Support AB\",\"url\":\"http:\/\/pearlstreet.se\/sv\/\",\"logo\":{\"@type\":\"ImageObject\",\"inLanguage\":\"sv-SE\",\"@id\":\"http:\/\/pearlstreet.se\/sv\/#\/schema\/logo\/image\/\",\"url\":\"https:\/\/pearlstreet.se\/wp-content\/uploads\/2024\/06\/logo-pearlstreet.jpg\",\"contentUrl\":\"https:\/\/pearlstreet.se\/wp-content\/uploads\/2024\/06\/logo-pearlstreet.jpg\",\"width\":1080,\"height\":1080,\"caption\":\"Pearl St.\"},\"image\":{\"@id\":\"http:\/\/pearlstreet.se\/sv\/#\/schema\/logo\/image\/\"},\"sameAs\":[\"https:\/\/www.facebook.com\/pearlstreetproduction\/\",\"https:\/\/www.instagram.com\/pearl_street_production\/\",\"https:\/\/www.linkedin.com\/company\/pearl-street-production-support-ab\/about\/\"]}]}<\/script>\n<!-- \/ Yoast SEO plugin. -->","yoast_head_json":{"title":"Portfolio med genomf\u00f6rda projekt: Showcase & ref. | Pearl St.","description":"Utforska Pearl St's breda portfolio med genomf\u00f6rda projektof genom v\u00e5ra Case Stories. Upplev kraften av transparens och excellens i projekt som str\u00e4cker sig fr\u00e5n innovativa teknikl\u00f6sningar till h\u00e4pnadsv\u00e4ckande designskapelser.","robots":{"index":"index","follow":"follow","max-snippet":"max-snippet:-1","max-image-preview":"max-image-preview:large","max-video-preview":"max-video-preview:-1"},"canonical":"https:\/\/pearlstreet.se\/sv\/tidigare-projekt\/","og_locale":"sv_SE","og_type":"article","og_title":"Portfolio med genomf\u00f6rda projekt: Showcase & ref. | Pearl St.","og_description":"Utforska Pearl St's breda portfolio med genomf\u00f6rda projektof genom v\u00e5ra Case Stories. Upplev kraften av transparens och excellens i projekt som str\u00e4cker sig fr\u00e5n innovativa teknikl\u00f6sningar till h\u00e4pnadsv\u00e4ckande designskapelser.","og_url":"https:\/\/pearlstreet.se\/sv\/tidigare-projekt\/","og_site_name":"Pearl St.","article_publisher":"https:\/\/www.facebook.com\/pearlstreetproduction\/","article_modified_time":"2024-10-30T13:12:39+00:00","twitter_card":"summary_large_image","twitter_misc":{"Ber\u00e4knad l\u00e4stid":"2 minuter"},"schema":{"@context":"https:\/\/schema.org","@graph":[{"@type":"WebPage","@id":"https:\/\/pearlstreet.se\/sv\/tidigare-projekt\/","url":"https:\/\/pearlstreet.se\/sv\/tidigare-projekt\/","name":"Portfolio med genomf\u00f6rda projekt: Showcase & ref. | Pearl St.","isPartOf":{"@id":"http:\/\/pearlstreet.se\/sv\/#website"},"datePublished":"2023-09-19T08:12:38+00:00","dateModified":"2024-10-30T13:12:39+00:00","description":"Utforska Pearl St's breda portfolio med genomf\u00f6rda projektof genom v\u00e5ra Case Stories. Upplev kraften av transparens och excellens i projekt som str\u00e4cker sig fr\u00e5n innovativa teknikl\u00f6sningar till h\u00e4pnadsv\u00e4ckande designskapelser.","breadcrumb":{"@id":"https:\/\/pearlstreet.se\/sv\/tidigare-projekt\/#breadcrumb"},"inLanguage":"sv-SE","potentialAction":[{"@type":"ReadAction","target":["https:\/\/pearlstreet.se\/sv\/tidigare-projekt\/"]}]},{"@type":"BreadcrumbList","@id":"https:\/\/pearlstreet.se\/sv\/tidigare-projekt\/#breadcrumb","itemListElement":[{"@type":"ListItem","position":1,"name":"Hem","item":"https:\/\/pearlstreet.se\/sv\/"},{"@type":"ListItem","position":2,"name":"Tidigare projekt"}]},{"@type":"WebSite","@id":"http:\/\/pearlstreet.se\/sv\/#website","url":"http:\/\/pearlstreet.se\/sv\/","name":"Pearl St.","description":"Pearl St. - Your innovative event production &amp; solutions partner","publisher":{"@id":"http:\/\/pearlstreet.se\/sv\/#organization"},"alternateName":"Pearl Street Production Support AB","potentialAction":[{"@type":"SearchAction","target":{"@type":"EntryPoint","urlTemplate":"http:\/\/pearlstreet.se\/sv\/?s={search_term_string}"},"query-input":{"@type":"PropertyValueSpecification","valueRequired":true,"valueName":"search_term_string"}}],"inLanguage":"sv-SE"},{"@type":"Organization","@id":"http:\/\/pearlstreet.se\/sv\/#organization","name":"Pearl St.","alternateName":"Pearl Street Production Support AB","url":"http:\/\/pearlstreet.se\/sv\/","logo":{"@type":"ImageObject","inLanguage":"sv-SE","@id":"http:\/\/pearlstreet.se\/sv\/#\/schema\/logo\/image\/","url":"https:\/\/pearlstreet.se\/wp-content\/uploads\/2024\/06\/logo-pearlstreet.jpg","contentUrl":"https:\/\/pearlstreet.se\/wp-content\/uploads\/2024\/06\/logo-pearlstreet.jpg","width":1080,"height":1080,"caption":"Pearl St."},"image":{"@id":"http:\/\/pearlstreet.se\/sv\/#\/schema\/logo\/image\/"},"sameAs":["https:\/\/www.facebook.com\/pearlstreetproduction\/","https:\/\/www.instagram.com\/pearl_street_production\/","https:\/\/www.linkedin.com\/company\/pearl-street-production-support-ab\/about\/"]}]}},"_links":{"self":[{"href":"https:\/\/pearlstreet.se\/sv\/wp-json\/wp\/v2\/pages\/680","targetHints":{"allow":["GET"]}}],"collection":[{"href":"https:\/\/pearlstreet.se\/sv\/wp-json\/wp\/v2\/pages"}],"about":[{"href":"https:\/\/pearlstreet.se\/sv\/wp-json\/wp\/v2\/types\/page"}],"author":[{"embeddable":true,"href":"https:\/\/pearlstreet.se\/sv\/wp-json\/wp\/v2\/users\/1"}],"replies":[{"embeddable":true,"href":"https:\/\/pearlstreet.se\/sv\/wp-json\/wp\/v2\/comments?post=680"}],"version-history":[{"count":8,"href":"https:\/\/pearlstreet.se\/sv\/wp-json\/wp\/v2\/pages\/680\/revisions"}],"predecessor-version":[{"id":863,"href":"https:\/\/pearlstreet.se\/sv\/wp-json\/wp\/v2\/pages\/680\/revisions\/863"}],"wp:attachment":[{"href":"https:\/\/pearlstreet.se\/sv\/wp-json\/wp\/v2\/media?parent=680"}],"curies":[{"name":"wp","href":"https:\/\/api.w.org\/{rel}","templated":true}]}}