{"id":676,"date":"2023-09-19T07:57:57","date_gmt":"2023-09-19T07:57:57","guid":{"rendered":"https:\/\/pearlstreet.se\/om-pearl-st\/"},"modified":"2025-01-19T09:35:08","modified_gmt":"2025-01-19T09:35:08","slug":"om-pearl-st","status":"publish","type":"page","link":"https:\/\/pearlstreet.se\/sv\/om-pearl-st\/","title":{"rendered":"Om Pearl St."},"content":{"rendered":"\r\n<h2>Evenemangsproduktion, eventteknik och teknisk produktion<\/h2>\r\n<p>Pearl St hj\u00e4lper er att f\u00f6rvandla kreativa id\u00e9er, ambitioner och koncept till of\u00f6rgl\u00f6mliga upplevelser. V\u00e5r expertis omfattar allt fr\u00e5n <a href=\"https:\/\/pearlstreet.se\/sv\/scener\/\">scener<\/a>, <a href=\"https:\/\/pearlstreet.se\/sv\/scener\/\">st\u00e4llningsstrukturer<\/a>, <a href=\"https:\/\/pearlstreet.se\/sv\/ljud\/\">ljud<\/a>, <a href=\"https:\/\/pearlstreet.se\/sv\/ljus\/\">ljus<\/a>, <a href=\"https:\/\/pearlstreet.se\/sv\/kameraproduktion\/\">video<\/a>, <a href=\"https:\/\/pearlstreet.se\/sv\/tekniska-losningar-utrustning\/\">str\u00f6m och signaldistribution, maskiner och teknisk personal<\/a>. Vi \u00e4r specialiserade p\u00e5 att skapa och visualisera din dr\u00f6m-scen eller event och erbjuder helhetsbudgetar f\u00f6r alla element som kr\u00e4vs f\u00f6r att f\u00f6rverkliga din vision. Med v\u00e5r steg-f\u00f6r-steg-process guidar vi dig s\u00f6ml\u00f6st fr\u00e5n koncept till en felfri produktion.<\/p>\r\n<h2>Tekniskt produktionsf\u00f6retag<\/h2>\r\n<p>Som ett oberoende <a href=\"https:\/\/pearlstreet.se\/sv\/produktionsdesign-tjanster\/\">tekniskt produktionsf\u00f6retag<\/a> \u00e4r vi fria fr\u00e5n begr\u00e4nsningar kopplade till specifika leverant\u00f6rer eller v\u00e5ra egna inventarier. \u00c4ven om v\u00e5rt fundament, infrastruktur och skr\u00e4ddarsydda l\u00f6sningar alltid kommer fr\u00e5n v\u00e5rt stora lager, g\u00f6r v\u00e5rt stora n\u00e4tverk av h\u00f6gkvalificerade leverant\u00f6rer, operat\u00f6rer och designers det m\u00f6jligt f\u00f6r oss att erbjuda extraordin\u00e4ra l\u00f6sningar anpassade f\u00f6r era f\u00f6ruts\u00e4ttningar.<\/p>\r\n<p>Tr\u00e4ffa v\u00e5rt engagerade och mycket erfarna team, v\u00e4lrenommerade specialister inom sina respektive omr\u00e5den. Vi \u00e4r dedikerade till att s\u00e4tta en ny standard f\u00f6r exceptionell kvalitet tillsammans.<\/p>\r\n<h2>Vad Pearl St har att erbjuda:<\/h2>\r\n<ul>\r\n<li>\r\n<p>Innovativa tekniska och kreativa koncept<\/p>\r\n<\/li>\r\n<li>\r\n<p>Fullst\u00e4ndig teknisk produktionshantering<\/p>\r\n<\/li>\r\n<li>\r\n<p>Expertis inom tekniska l\u00f6sningar f\u00f6r TV- och streaming-s\u00e4ndningar, shower, konserter, teaterproduktioner, festivaler, turn\u00e9er, esport, galor, utst\u00e4llningar och produktlanseringar, etc<\/p>\r\n<\/li>\r\n<\/ul>\r\n<p><br \/>Lyft dina evenemang till nya h\u00f6jder med Pearl St &#8211; d\u00e4r kreativitet m\u00f6ter felfri utf\u00f6rande! <strong><a href=\"https:\/\/pearlstreet.se\/sv\/kontakt\/\">Kontakta oss<\/a><\/strong> idag f\u00f6r att diskutera din vision och l\u00e5t oss f\u00f6rverkliga den.<\/p>\r\n","protected":false},"excerpt":{"rendered":"<p>Evenemangsproduktion, eventteknik och teknisk produktion Pearl St hj\u00e4lper er att f\u00f6rvandla kreativa id\u00e9er, ambitioner och koncept till of\u00f6rgl\u00f6mliga upplevelser. V\u00e5r expertis omfattar allt fr\u00e5n scener, st\u00e4llningsstrukturer, ljud, ljus, video, str\u00f6m och signaldistribution, maskiner och teknisk personal. Vi \u00e4r specialiserade p\u00e5 att skapa och visualisera din dr\u00f6m-scen eller event och erbjuder helhetsbudgetar f\u00f6r alla element som [&hellip;]<\/p>\n","protected":false},"author":1,"featured_media":0,"parent":0,"menu_order":0,"comment_status":"closed","ping_status":"open","template":"","meta":{"_acf_changed":false,"footnotes":""},"class_list":["post-676","page","type-page","status-publish","hentry"],"acf":[],"yoast_head":"<!-- This site is optimized with the Yoast SEO plugin v27.2 - https:\/\/yoast.com\/product\/yoast-seo-wordpress\/ -->\n<title>Evenemangsproduktion, eventteknik och projektledning | Pearl St.<\/title>\n<meta name=\"description\" content=\"V\u00e5r expertis omfattar allt fr\u00e5n scener, st\u00e4llningsstrukturer, ljud, ljus, videoproduktion, str\u00f6m och signaldistribution, maskiner och teknisk personal.\" \/>\n<meta name=\"robots\" content=\"index, follow, max-snippet:-1, max-image-preview:large, max-video-preview:-1\" \/>\n<link rel=\"canonical\" href=\"https:\/\/pearlstreet.se\/sv\/om-pearl-st\/\" \/>\n<meta property=\"og:locale\" content=\"sv_SE\" \/>\n<meta property=\"og:type\" content=\"article\" \/>\n<meta property=\"og:title\" content=\"Evenemangsproduktion, eventteknik och projektledning | Pearl St.\" \/>\n<meta property=\"og:description\" content=\"V\u00e5r expertis omfattar allt fr\u00e5n scener, st\u00e4llningsstrukturer, ljud, ljus, videoproduktion, str\u00f6m och signaldistribution, maskiner och teknisk personal.\" \/>\n<meta property=\"og:url\" content=\"https:\/\/pearlstreet.se\/sv\/om-pearl-st\/\" \/>\n<meta property=\"og:site_name\" content=\"Pearl St.\" \/>\n<meta property=\"article:publisher\" content=\"https:\/\/www.facebook.com\/pearlstreetproduction\/\" \/>\n<meta property=\"article:modified_time\" content=\"2025-01-19T09:35:08+00:00\" \/>\n<meta name=\"twitter:card\" content=\"summary_large_image\" \/>\n<meta name=\"twitter:label1\" content=\"Ber\u00e4knad l\u00e4stid\" \/>\n\t<meta name=\"twitter:data1\" content=\"1 minut\" \/>\n<script type=\"application\/ld+json\" class=\"yoast-schema-graph\">{\"@context\":\"https:\/\/schema.org\",\"@graph\":[{\"@type\":\"WebPage\",\"@id\":\"https:\/\/pearlstreet.se\/sv\/om-pearl-st\/\",\"url\":\"https:\/\/pearlstreet.se\/sv\/om-pearl-st\/\",\"name\":\"Evenemangsproduktion, eventteknik och projektledning | Pearl St.\",\"isPartOf\":{\"@id\":\"http:\/\/pearlstreet.se\/sv\/#website\"},\"datePublished\":\"2023-09-19T07:57:57+00:00\",\"dateModified\":\"2025-01-19T09:35:08+00:00\",\"description\":\"V\u00e5r expertis omfattar allt fr\u00e5n scener, st\u00e4llningsstrukturer, ljud, ljus, videoproduktion, str\u00f6m och signaldistribution, maskiner och teknisk personal.\",\"breadcrumb\":{\"@id\":\"https:\/\/pearlstreet.se\/sv\/om-pearl-st\/#breadcrumb\"},\"inLanguage\":\"sv-SE\",\"potentialAction\":[{\"@type\":\"ReadAction\",\"target\":[\"https:\/\/pearlstreet.se\/sv\/om-pearl-st\/\"]}]},{\"@type\":\"BreadcrumbList\",\"@id\":\"https:\/\/pearlstreet.se\/sv\/om-pearl-st\/#breadcrumb\",\"itemListElement\":[{\"@type\":\"ListItem\",\"position\":1,\"name\":\"Hem\",\"item\":\"https:\/\/pearlstreet.se\/sv\/\"},{\"@type\":\"ListItem\",\"position\":2,\"name\":\"Om Pearl St.\"}]},{\"@type\":\"WebSite\",\"@id\":\"http:\/\/pearlstreet.se\/sv\/#website\",\"url\":\"http:\/\/pearlstreet.se\/sv\/\",\"name\":\"Pearl St.\",\"description\":\"Pearl St. - Your innovative event production &amp; solutions partner\",\"publisher\":{\"@id\":\"http:\/\/pearlstreet.se\/sv\/#organization\"},\"alternateName\":\"Pearl Street Production Support AB\",\"potentialAction\":[{\"@type\":\"SearchAction\",\"target\":{\"@type\":\"EntryPoint\",\"urlTemplate\":\"http:\/\/pearlstreet.se\/sv\/?s={search_term_string}\"},\"query-input\":{\"@type\":\"PropertyValueSpecification\",\"valueRequired\":true,\"valueName\":\"search_term_string\"}}],\"inLanguage\":\"sv-SE\"},{\"@type\":\"Organization\",\"@id\":\"http:\/\/pearlstreet.se\/sv\/#organization\",\"name\":\"Pearl St.\",\"alternateName\":\"Pearl Street Production Support AB\",\"url\":\"http:\/\/pearlstreet.se\/sv\/\",\"logo\":{\"@type\":\"ImageObject\",\"inLanguage\":\"sv-SE\",\"@id\":\"http:\/\/pearlstreet.se\/sv\/#\/schema\/logo\/image\/\",\"url\":\"https:\/\/pearlstreet.se\/wp-content\/uploads\/2024\/06\/logo-pearlstreet.jpg\",\"contentUrl\":\"https:\/\/pearlstreet.se\/wp-content\/uploads\/2024\/06\/logo-pearlstreet.jpg\",\"width\":1080,\"height\":1080,\"caption\":\"Pearl St.\"},\"image\":{\"@id\":\"http:\/\/pearlstreet.se\/sv\/#\/schema\/logo\/image\/\"},\"sameAs\":[\"https:\/\/www.facebook.com\/pearlstreetproduction\/\",\"https:\/\/www.instagram.com\/pearl_street_production\/\",\"https:\/\/www.linkedin.com\/company\/pearl-street-production-support-ab\/about\/\"]}]}<\/script>\n<!-- \/ Yoast SEO plugin. -->","yoast_head_json":{"title":"Evenemangsproduktion, eventteknik och projektledning | Pearl St.","description":"V\u00e5r expertis omfattar allt fr\u00e5n scener, st\u00e4llningsstrukturer, ljud, ljus, videoproduktion, str\u00f6m och signaldistribution, maskiner och teknisk personal.","robots":{"index":"index","follow":"follow","max-snippet":"max-snippet:-1","max-image-preview":"max-image-preview:large","max-video-preview":"max-video-preview:-1"},"canonical":"https:\/\/pearlstreet.se\/sv\/om-pearl-st\/","og_locale":"sv_SE","og_type":"article","og_title":"Evenemangsproduktion, eventteknik och projektledning | Pearl St.","og_description":"V\u00e5r expertis omfattar allt fr\u00e5n scener, st\u00e4llningsstrukturer, ljud, ljus, videoproduktion, str\u00f6m och signaldistribution, maskiner och teknisk personal.","og_url":"https:\/\/pearlstreet.se\/sv\/om-pearl-st\/","og_site_name":"Pearl St.","article_publisher":"https:\/\/www.facebook.com\/pearlstreetproduction\/","article_modified_time":"2025-01-19T09:35:08+00:00","twitter_card":"summary_large_image","twitter_misc":{"Ber\u00e4knad l\u00e4stid":"1 minut"},"schema":{"@context":"https:\/\/schema.org","@graph":[{"@type":"WebPage","@id":"https:\/\/pearlstreet.se\/sv\/om-pearl-st\/","url":"https:\/\/pearlstreet.se\/sv\/om-pearl-st\/","name":"Evenemangsproduktion, eventteknik och projektledning | Pearl St.","isPartOf":{"@id":"http:\/\/pearlstreet.se\/sv\/#website"},"datePublished":"2023-09-19T07:57:57+00:00","dateModified":"2025-01-19T09:35:08+00:00","description":"V\u00e5r expertis omfattar allt fr\u00e5n scener, st\u00e4llningsstrukturer, ljud, ljus, videoproduktion, str\u00f6m och signaldistribution, maskiner och teknisk personal.","breadcrumb":{"@id":"https:\/\/pearlstreet.se\/sv\/om-pearl-st\/#breadcrumb"},"inLanguage":"sv-SE","potentialAction":[{"@type":"ReadAction","target":["https:\/\/pearlstreet.se\/sv\/om-pearl-st\/"]}]},{"@type":"BreadcrumbList","@id":"https:\/\/pearlstreet.se\/sv\/om-pearl-st\/#breadcrumb","itemListElement":[{"@type":"ListItem","position":1,"name":"Hem","item":"https:\/\/pearlstreet.se\/sv\/"},{"@type":"ListItem","position":2,"name":"Om Pearl St."}]},{"@type":"WebSite","@id":"http:\/\/pearlstreet.se\/sv\/#website","url":"http:\/\/pearlstreet.se\/sv\/","name":"Pearl St.","description":"Pearl St. - Your innovative event production &amp; solutions partner","publisher":{"@id":"http:\/\/pearlstreet.se\/sv\/#organization"},"alternateName":"Pearl Street Production Support AB","potentialAction":[{"@type":"SearchAction","target":{"@type":"EntryPoint","urlTemplate":"http:\/\/pearlstreet.se\/sv\/?s={search_term_string}"},"query-input":{"@type":"PropertyValueSpecification","valueRequired":true,"valueName":"search_term_string"}}],"inLanguage":"sv-SE"},{"@type":"Organization","@id":"http:\/\/pearlstreet.se\/sv\/#organization","name":"Pearl St.","alternateName":"Pearl Street Production Support AB","url":"http:\/\/pearlstreet.se\/sv\/","logo":{"@type":"ImageObject","inLanguage":"sv-SE","@id":"http:\/\/pearlstreet.se\/sv\/#\/schema\/logo\/image\/","url":"https:\/\/pearlstreet.se\/wp-content\/uploads\/2024\/06\/logo-pearlstreet.jpg","contentUrl":"https:\/\/pearlstreet.se\/wp-content\/uploads\/2024\/06\/logo-pearlstreet.jpg","width":1080,"height":1080,"caption":"Pearl St."},"image":{"@id":"http:\/\/pearlstreet.se\/sv\/#\/schema\/logo\/image\/"},"sameAs":["https:\/\/www.facebook.com\/pearlstreetproduction\/","https:\/\/www.instagram.com\/pearl_street_production\/","https:\/\/www.linkedin.com\/company\/pearl-street-production-support-ab\/about\/"]}]}},"_links":{"self":[{"href":"https:\/\/pearlstreet.se\/sv\/wp-json\/wp\/v2\/pages\/676","targetHints":{"allow":["GET"]}}],"collection":[{"href":"https:\/\/pearlstreet.se\/sv\/wp-json\/wp\/v2\/pages"}],"about":[{"href":"https:\/\/pearlstreet.se\/sv\/wp-json\/wp\/v2\/types\/page"}],"author":[{"embeddable":true,"href":"https:\/\/pearlstreet.se\/sv\/wp-json\/wp\/v2\/users\/1"}],"replies":[{"embeddable":true,"href":"https:\/\/pearlstreet.se\/sv\/wp-json\/wp\/v2\/comments?post=676"}],"version-history":[{"count":18,"href":"https:\/\/pearlstreet.se\/sv\/wp-json\/wp\/v2\/pages\/676\/revisions"}],"predecessor-version":[{"id":1769,"href":"https:\/\/pearlstreet.se\/sv\/wp-json\/wp\/v2\/pages\/676\/revisions\/1769"}],"wp:attachment":[{"href":"https:\/\/pearlstreet.se\/sv\/wp-json\/wp\/v2\/media?parent=676"}],"curies":[{"name":"wp","href":"https:\/\/api.w.org\/{rel}","templated":true}]}}