{"id":1262,"date":"2024-11-20T15:37:06","date_gmt":"2024-11-20T15:37:06","guid":{"rendered":"https:\/\/pearlstreet.se\/modtruss\/"},"modified":"2025-01-20T10:19:25","modified_gmt":"2025-01-20T10:19:25","slug":"modtruss","status":"publish","type":"page","link":"https:\/\/pearlstreet.se\/sv\/modtruss\/","title":{"rendered":"Modtruss"},"content":{"rendered":"<div>\n<p>P\u00e5 Pearl St \u00e4r vi stolta \u00f6ver att vara en uthyrningspartner f\u00f6r ModTruss. ModTruss \u00e4r ett h\u00f6gkvalitativt, m\u00e5ngsidigt och innovativt modul\u00e4rt riggsystem som har blivit den sj\u00e4lvklara l\u00f6sningen f\u00f6r event- och scenproffs v\u00e4rlden \u00f6ver. Oavsett om du designar en scen f\u00f6r en konsert, s\u00e4tter upp en utst\u00e4llningsmonter eller skapar stora utomhusstrukturer, erbjuder ModTruss flexibilitet, h\u00e5llbarhet och anv\u00e4ndarv\u00e4nlighet f\u00f6r att f\u00f6rverkliga dina id\u00e9er.<\/p>\n<\/div>\n<div>\n<h2>Varf\u00f6r v\u00e4lja ModTruss f\u00f6r ditt n\u00e4sta evenemang?<\/h2>\n<\/div>\n<div>\n<ol>\n<li><strong>M\u00e5ngsidighet f\u00f6r alla applikationer<\/strong><br \/>\nModTruss \u00e4r otroligt m\u00e5ngsidigt, vilket g\u00f6r det l\u00e4mpligt f\u00f6r en rad olika applikationer. Fr\u00e5n tillf\u00e4lliga eventstrukturer till permanenta installationer kan ModTruss anpassas f\u00f6r att passa alla designutmaningar. Det kan anv\u00e4ndas f\u00f6r scener, ljusriggar, sk\u00e4rmmonter, utst\u00e4llningsst\u00e5nd, evenemangsing\u00e5ngar och mycket mer. Den modul\u00e4ra designen g\u00f6r det m\u00f6jligt att skapa skr\u00e4ddarsydda konfigurationer som passar dina specifika krav, vilket s\u00e4kerst\u00e4ller en unik upps\u00e4ttning f\u00f6r varje tillf\u00e4lle.<\/li>\n<li><strong>L\u00e4tt och h\u00e5llbart<br \/>\n<\/strong>En av de st\u00f6rsta f\u00f6rdelarna med ModTruss \u00e4r dess l\u00e4tta konstruktion. Tillverkat huvudsakligen av aluminium kombinerar det styrka med l\u00e5g vikt, vilket g\u00f6r det l\u00e4ttare och mer kostnadseffektivt att transportera och s\u00e4tta upp. Trots den l\u00e4tta designen \u00e4rModTruss extremt h\u00e5llbart och v\u00e4derbest\u00e4ndigt, vilket g\u00f6r det perfekt f\u00f6r b\u00e5de inomhus- och utomhusbruk. Detta g\u00f6r att eventplanerare kan skapa l\u00e5ngvariga strukturer som kan st\u00e5 emot flera upps\u00e4ttningar och evenemang i olika klimat.<\/li>\n<li><strong>Enkel montering och demontering<br \/>\n<\/strong>ModTruss \u00e4r designat med effektivitet i \u00e5tanke. Systemet anv\u00e4nder ett unikt kopplingssystem som g\u00f6r det m\u00f6jligt att snabbt montera och demontera utan behov av specialverktyg. Denna anv\u00e4ndarv\u00e4nlighet g\u00f6r ModTruss idealiskt f\u00f6r kortvariga upps\u00e4ttningar, som konserter, m\u00e4ssor och festivaler, d\u00e4r tid ofta \u00e4r av vikt. Oavsett om du beh\u00f6ver montera en enkel scen eller en intrikat flerscensl\u00f6sning s\u00e4kerst\u00e4ller ModTruss att ditt team kan utf\u00f6ra arbetet snabbt och effektivt.<\/li>\n<li><strong>Skalbarhet f\u00f6r alla evenemangsstorlekar<br \/>\n<\/strong>ModTruss kan skalas f\u00f6r att m\u00f6ta behoven hos b\u00e5de sm\u00e5 evenemang och stora produktioner. Dess modul\u00e4ra natur betyder att du kan anv\u00e4nda det f\u00f6r att skapa kompakta strukturer eller expansiva upps\u00e4ttningar som kr\u00e4ver omfattande st\u00f6d. Oavsett om du designar ett litet utst\u00e4llningsst\u00e5nd eller en massiv utomhusscen f\u00f6r en musikfestival, kan ModTruss anpassas f\u00f6r att passa storleken och kraven f\u00f6r ditt projekt.<\/li>\n<li><strong>Anpassningsbar och flexibel<br \/>\n<\/strong>Skr\u00e4ddarsydda l\u00f6sningar \u00e4r en annan stark sida hos ModTruss. Du kan designa unika konfigurationer och skapa enast\u00e5ende strukturer som \u00e4r anpassade efter evenemangets estetiska och funktionella behov. Med olika tillbeh\u00f6r tillg\u00e4ngliga, inklusive ljuskl\u00e4mmor, hyllor och kopplingar, har du m\u00f6jlighet att f\u00f6rb\u00e4ttra systemets kapabiliteter och skapa en struktur som motsvarar din exakta vision f\u00f6r ditt evenemang. Oavsett om det \u00e4r en stilren, modern installation eller en mer elaborerad upps\u00e4ttning, erbjuder ModTruss o\u00e4ndliga m\u00f6jligheter.<\/li>\n<li><strong>P\u00e5litligt st\u00f6d och service \u00f6ver hela Europa<br \/>\n<\/strong>Som en betrodd ModTruss-uthyrningspartner i Sverige erbjuder Pearl St uthyrningstj\u00e4nster b\u00e5de nationellt och \u00f6ver hela Europa, vilket s\u00e4kerst\u00e4ller att v\u00e5ra kunder f\u00e5r tillg\u00e5ng till ModTruss -komponenter oavsett var deras evenemang \u00e4r bel\u00e4get. V\u00e5rt erfarna team kan ge v\u00e4gledning om de b\u00e4sta konfigurationerna f\u00f6r ditt projekt, assistera med transportlogistik och hj\u00e4lpa till med upps\u00e4ttning och montering om det beh\u00f6vs. Vi s\u00e4kerst\u00e4ller att du f\u00e5r r\u00e4tt utrustning vid r\u00e4tt tidpunkt, varje g\u00e5ng.<\/li>\n<li><strong>Kostnadseffektivt f\u00f6r uthyrning och l\u00e5ngsiktigt bruk<br \/>\n<\/strong>Oavsett om du organiserar ett eng\u00e5ngsevenemang eller har ett kontinuerligt behov av eventinfrastruktur, erbjuder uthyrning av ModTruss fr\u00e5n Pearl St en kostnadseffektiv l\u00f6sning. Du kan undvika de stora initiala kostnaderna f\u00f6r att k\u00f6pa utrustning och ist\u00e4llet betala endast f\u00f6r det du beh\u00f6ver, n\u00e4r du beh\u00f6ver det. ModTruss h\u00e5llbarhet och \u00e5teranv\u00e4ndbarhet s\u00e4kerst\u00e4ller att din investering i uthyrd infrastruktur \u00e4r v\u00e4l v\u00e4rd det, och dess modularitet g\u00f6r det m\u00f6jligt att skr\u00e4ddarsy systemet efter dina specifika behov, vilket ger maximalt v\u00e4rde f\u00f6r din uthyrning.<\/li>\n<\/ol>\n<\/div>\n<div>\n<h2>Varf\u00f6r ModTruss \u00e4r det ideala valet f\u00f6r evenemang \u00f6ver hela Europa<\/h2>\n<\/div>\n<div>\n<p>N\u00e4r Pearl St ut\u00f6kar sina tj\u00e4nster \u00f6ver hela Europa forts\u00e4tter vi att se ModTruss som det f\u00f6redragna valet f\u00f6r evenemangsproffs som s\u00f6ker p\u00e5litliga, flexibla och h\u00f6gkvalitativa riggsystem. Oavsett om du arbetar i Tyskland, Frankrike, Storbritannien eller Spanien, s\u00e4kerst\u00e4ller ModTruss anpassningsbarhet, anv\u00e4ndarv\u00e4nlighet och skalbarhet att det uppfyller de varierande kraven f\u00f6r internationella evenemang.<\/p>\n<h2>Tj\u00e4nar kunder \u00f6ver hela Europa med expertl\u00f6sningar<\/h2>\n<\/div>\n<div>\n<p>Pearl Sts f\u00f6rm\u00e5ga att erbjuda uthyrning av ModTruss \u00f6ver hela Europa g\u00f6r oss till en betrodd partner f\u00f6r storskaliga produktioner och globala evenemang. V\u00e5rt logistikteam arbetar n\u00e4ra evenemangsarrang\u00f6rer f\u00f6r att s\u00e4kerst\u00e4lla att ModTruss levereras i tid och s\u00e4tts upp med precision, oavsett evenemangets plats. V\u00e5rt starka n\u00e4tverk av partners och kunder \u00f6ver Europa g\u00f6r att vi effektivt kan hantera uthyrningar och s\u00e4kerst\u00e4lla att du f\u00e5r exakt vad du beh\u00f6ver, n\u00e4r du beh\u00f6ver det.<\/p>\n<h2>Perfekt f\u00f6r alla typer av evenemang<\/h2>\n<\/div>\n<div>\n<p>Fr\u00e5n musikfestivaler och f\u00f6retagsevenemang till m\u00e4ssor och teaterproduktioner, \u00e4r ModTruss den perfekta l\u00f6sningen f\u00f6r alla tillf\u00e4llen. Systemets flexibilitet g\u00f6r att det kan anv\u00e4ndas f\u00f6r scener, utst\u00e4llningsst\u00e5nd, tillf\u00e4lliga tak, LED-videov\u00e4ggar, produktvisningar, ljusriggar och mycket mer. ModTruss \u00e4r designat f\u00f6r proffs som kr\u00e4ver h\u00e5llbarhet, enkel upps\u00e4ttning och konsekvent prestanda.<\/p>\n<\/div>\n<div>\n<h2>Varf\u00f6r hyra ModTruss fr\u00e5n Pearl St?<\/h2>\n<\/div>\n<div>\n<p>Pearl St \u00e4r din sj\u00e4lvklara ModTruss-uthyrningspartner i Sverige och \u00f6ver hela Europa. Vi \u00e4r engagerade i att tillhandah\u00e5lla h\u00f6gkvalitativa riggl\u00f6sningar f\u00f6r evenemang av alla storlekar. Med v\u00e5rt omfattande lager, expertv\u00e4gledning och personliga service s\u00e4kerst\u00e4ller vi att din ModTruss-uthyrning levererar den prestanda, s\u00e4kerhet och flexibilitet du beh\u00f6ver f\u00f6r ett framg\u00e5ngsrikt evenemang.<\/p>\n<\/div>\n<div>\n<p>Vi erbjuder fullservicel\u00f6sningar fr\u00e5n designr\u00e5dgivning till evenemangsupps\u00e4ttning. N\u00e4r du v\u00e4ljer Pearl St f\u00e5r du en p\u00e5litlig partner som \u00e4r lika investerad i ditt evenemangs framg\u00e5ng som du \u00e4r. L\u00e5t oss hj\u00e4lpa dig att f\u00f6rverkliga din evenemangsvision med ModTruss.<\/p>\n<\/div>\n<div>\n<p>O\u00f6vertr\u00e4ffad m\u00e5ngsidighet: ModTruss kraft f\u00f6r alla evenemang och produktioner<\/p>\n<\/div>\n<div>\n<p>P\u00e5 Pearl St \u00e4r vi stolta \u00f6ver att erbjuda ModTruss som en del av v\u00e5ra omfattande eventinfrastrukturl\u00f6sningar. ModTruss \u00e4r ett innovativt, modul\u00e4rt riggsystem som erbjuder exceptionell flexibilitet och prestanda f\u00f6r en rad olika applikationer. Med Pearl St nationella och europeiska uthyrningstj\u00e4nster kan vi ge dig den b\u00e4sta l\u00f6sningen f\u00f6r ditt n\u00e4sta evenemang, oavsett om det \u00e4r ett f\u00f6retagsevenemang, en konsert, en m\u00e4ssa eller en utomhusutst\u00e4llning.<\/p>\n<h2>Skr\u00e4ddarsytt f\u00f6r varje evenemangstyp: Anpassade l\u00f6sningar f\u00f6r dina behov<\/h2>\n<\/div>\n<div>\n<p>ModTruss \u00e4r byggt f\u00f6r att st\u00f6dja en rad olika eventtyper och erbjuder skr\u00e4ddarsydda, skalbara l\u00f6sningar som passar dina exakta krav. Oavsett om du arrangerar ett storskaligt utomhusevenemang eller ett litet f\u00f6retagsevenemang, l\u00e5ter ModTrussdig designa och skapa strukturer anpassade efter din vision. Fr\u00e5n upph\u00f6jda plattformar och utst\u00e4llningsst\u00e5nd till ljusriggar, videosk\u00e4rmar och scener, kan ModTruss anpassas till n\u00e4stan alla setups.<\/p>\n<\/div>\n<div>\n<p>Pearl St specialiserar sig p\u00e5 att tillhandah\u00e5lla skr\u00e4ddarsydda ModTruss-konfigurationer, vilket s\u00e4kerst\u00e4ller att varje uthyrning uppfyller ditt evenemangs specifika behov. V\u00e5rt expertteam arbetar n\u00e4ra dig f\u00f6r att f\u00f6rst\u00e5 designm\u00e5len f\u00f6r din produktion och rekommendera de b\u00e4sta riggkonfigurationerna, vilket s\u00e4kerst\u00e4ller att din upps\u00e4ttning inte bara ser professionell ut utan ocks\u00e5 fungerar felfritt under hela evenemanget.<\/p>\n<\/div>\n<div>\n<h2>Styrka m\u00f6ter flexibilitet: ModTruss unika f\u00f6rdel<\/h2>\n<\/div>\n<div>\n<p>En av de centrala anledningarna till ModTruss framg\u00e5ng \u00e4r dess unika kombination av styrka och flexibilitet. Till skillnad fr\u00e5n traditionella riggsystem som kr\u00e4ver tunga komponenter och specialiserad utrustning f\u00f6r upps\u00e4ttning, \u00e4r ModTruss designat med anv\u00e4ndarv\u00e4nlighet i \u00e5tanke. ModTruss \u00e4r l\u00e4tt, l\u00e4tt att transportera och enkelt att montera, men det g\u00f6r inte avkall p\u00e5 styrka. Systemets aluminiumkonstruktion s\u00e4kerst\u00e4ller att det kan b\u00e4ra vikten av tung utrustning som ljus, ljudsystem och videosk\u00e4rmar, vilket g\u00f6r det till ett perfekt val f\u00f6r b\u00e5de sm\u00e5 och stora evenemang.<\/p>\n<\/div>\n<div>\n<p>Eftersom det \u00e4r modul\u00e4rt, erbjuder det obegr\u00e4nsad konfigurerbarhet. ModTruss-komponenter kan enkelt kombineras och omkonfigureras f\u00f6r att skapa n\u00e4stan vilken struktur som helst, fr\u00e5n sm\u00e5 tillf\u00e4lliga installationer till stora permanenta upps\u00e4ttningar. Du kan justera din design efter behov, vilket g\u00f6r det till ett mycket flexibelt och kostnadseffektivt alternativ.<\/p>\n<\/div>\n<div>\n<h2>Bygg s\u00e4kra, stabila strukturer: S\u00e4kerhet f\u00f6rst med ModTruss<\/h2>\n<\/div>\n<div>\n<p>N\u00e4r det g\u00e4ller att bygga strukturer f\u00f6r evenemang \u00e4r s\u00e4kerhet av st\u00f6rsta vikt. Oavsett om du s\u00e4tter upp en scen eller installerar ljusriggar, m\u00e5ste strukturell integritet vara en prioritet. ModTruss \u00e4r designat f\u00f6r att uppfylla strikta s\u00e4kerhetsstandarder, vilket s\u00e4kerst\u00e4ller att din eventinfrastruktur inte bara \u00e4r visuellt imponerande utan ocks\u00e5 s\u00e4ker och stabil.<\/p>\n<\/div>\n<div>\n<p>P\u00e5 Pearl St tar vi s\u00e4kerheten p\u00e5 st\u00f6rsta allvar. Varje ModTruss-uthyrning inkluderar expertv\u00e4gledning f\u00f6r montering och upps\u00e4ttning f\u00f6r att s\u00e4kerst\u00e4lla att alla komponenter anv\u00e4nds korrekt. Vi f\u00f6ljer de h\u00f6gsta standarderna f\u00f6r viktf\u00f6rdelning, belastningsgr\u00e4nser och strukturell stabilitet, vilket ger sinnesro f\u00f6r v\u00e5ra kunder.<\/p>\n<\/div>\n<div>\n<p>ModTruss-system \u00e4r byggda f\u00f6r att hantera utmanande milj\u00f6er, inklusive starka vindar, tungt regn och rigor\u00f6s hantering. Det \u00e4r viktigt att vidta r\u00e4tt f\u00f6rsiktighets\u00e5tg\u00e4rder, som att s\u00e4kra komponenterna med ballaster, staglinor och ytterligare s\u00e4kerhetsst\u00f6d, f\u00f6r att s\u00e4kerst\u00e4lla att riggsystemet fungerar s\u00e4kert under alla f\u00f6rh\u00e5llanden.<\/p>\n<\/div>\n<div>\n<h2>Kostnadseffektiva l\u00f6sningar med ModTruss-uthyrning<\/h2>\n<\/div>\n<div>\n<p>Att hyra ModTruss fr\u00e5n Pearl St erbjuder kostnadsbesparingar utan att ge avkall p\u00e5 kvalitet eller prestanda. Ist\u00e4llet f\u00f6r att investera i ett dyrt ink\u00f6p av riggutrustning som kanske bara anv\u00e4nds ett f\u00e5tal g\u00e5nger, ger uthyrning dig flexibiliteten att f\u00e5 tillg\u00e5ng till h\u00f6gkvalitativ infrastruktur n\u00e4r du beh\u00f6ver den, och betala endast f\u00f6r det du anv\u00e4nder.<\/p>\n<\/div>\n<div>\n<p>V\u00e5ra ModTruss-uthyrningstj\u00e4nster \u00e4r designade f\u00f6r att spara pengar samtidigt som vi levererar \u00f6verl\u00e4gsen kvalitet. Genom att Pearl St hanterar logistik, transport och upps\u00e4ttning slipper du de dolda kostnaderna som f\u00f6ljer med att \u00e4ga utrustning, s\u00e5som lagring, underh\u00e5ll och reparationer.<\/p>\n<\/div>\n<div>\n<p>Att hyra fr\u00e5n Pearl St ger dig \u00e4ven f\u00f6rdelen av professionell v\u00e4gledning och support, vilket s\u00e4kerst\u00e4ller att din ModTruss-setup blir s\u00e5 kostnadseffektiv och effektiv som m\u00f6jligt. Oavsett om du beh\u00f6ver ett komplett riggsystem eller specifika komponenter, tillhandah\u00e5ller vi r\u00e4tt l\u00f6sning f\u00f6r ditt evenemangs storlek och budget.<\/p>\n<\/div>\n<div>\n<h2>ModTruss: Byggt f\u00f6r framtiden f\u00f6r evenemang<\/h2>\n<\/div>\n<div>\n<p>Evenemangsindustrin utvecklas st\u00e4ndigt, och ModTruss \u00e4r designat med detta i \u00e5tanke. Systemets modul\u00e4ra design m\u00f6jligg\u00f6r att du kan framtidss\u00e4kra din eventinfrastruktur. N\u00e4r dina evenemang v\u00e4xer och f\u00f6r\u00e4ndras kan ModTruss utvecklas f\u00f6r att m\u00f6ta dina f\u00f6r\u00e4nderliga behov. Systemet \u00e4r anpassningsbart, l\u00e4tt att lagra och perfekt f\u00f6r \u00e5teranv\u00e4ndning i olika upps\u00e4ttningar, vilket g\u00f6r det till en investering som betalar sig i l\u00e4ngden.<\/p>\n<\/div>\n<div>\n<p>P\u00e5 Pearl St investerar vi st\u00e4ndigt i att uppgradera och expandera v\u00e5rt ModTruss-lager, vilket s\u00e4kerst\u00e4ller att vi alltid har den mest aktuella utrustningen f\u00f6r att m\u00f6ta den v\u00e4xande efterfr\u00e5gan inom evenemangsindustrin. Oavsett om du arrangerar ett litet intimt evenemang eller ett massivt internationellt evenemang, \u00e4r vi utrustade f\u00f6r att leverera riggl\u00f6sningar som g\u00f6r ditt evenemang framg\u00e5ngsrikt.<\/p>\n<\/div>\n<div>\n<h2>S\u00f6ml\u00f6s integration med eventinfrastruktur<\/h2>\n<\/div>\n<div>\n<p>En annan viktig f\u00f6rdel med ModTruss \u00e4r dess kompatibilitet med annan eventinfrastruktur. Oavsett om du beh\u00f6ver integrera ljud-, ljus-, video- eller scenl\u00f6sningar, erbjuder ModTruss en s\u00f6ml\u00f6s koppling mellan alla dessa element. Med Pearl Sts omfattande lager av ljud-, ljus- och videoutrustning kan vi hj\u00e4lpa till att skapa sammanh\u00e4ngande, integrerade eventl\u00f6sningar som fungerar perfekt tillsammans..<\/p>\n<\/div>\n<div>\n<p>Denna kompatibilitet f\u00f6renklar din planering och upps\u00e4ttning, eftersom ModTruss enkelt kan konfigureras f\u00f6r att hysa videosk\u00e4rmar, ljudsystem och ljusriggar, allt i en enhetlig struktur. Denna integration g\u00f6r ModTruss till ryggraden i ditt evenemang och erbjuder inte bara st\u00f6d utan en visuellt imponerande grund f\u00f6r alla dina andra eventelement.<\/p>\n<\/div>\n","protected":false},"excerpt":{"rendered":"<p>P\u00e5 Pearl St \u00e4r vi stolta \u00f6ver att vara en uthyrningspartner f\u00f6r ModTruss. ModTruss \u00e4r ett h\u00f6gkvalitativt, m\u00e5ngsidigt och innovativt modul\u00e4rt riggsystem som har blivit den sj\u00e4lvklara l\u00f6sningen f\u00f6r event- och scenproffs v\u00e4rlden \u00f6ver. Oavsett om du designar en scen f\u00f6r en konsert, s\u00e4tter upp en utst\u00e4llningsmonter eller skapar stora utomhusstrukturer, erbjuder ModTruss flexibilitet, h\u00e5llbarhet [&hellip;]<\/p>\n","protected":false},"author":2,"featured_media":0,"parent":0,"menu_order":0,"comment_status":"closed","ping_status":"closed","template":"","meta":{"_acf_changed":false,"footnotes":""},"class_list":["post-1262","page","type-page","status-publish","hentry"],"acf":[],"yoast_head":"<!-- This site is optimized with the Yoast SEO plugin v27.2 - https:\/\/yoast.com\/product\/yoast-seo-wordpress\/ -->\n<title>ModTruss: H\u00f6gkvalitativt &amp; innovativt modul\u00e4rt riggsystem - Hyr h\u00e4r | Pearl St.<\/title>\n<meta name=\"description\" content=\"Pearl St \u00e4r uthyrningspartner f\u00f6r ModTruss, det ledande riggsystemet f\u00f6r event- och scenproffs globalt. Hyr din ModTruss utrustning h\u00e4r - Kontakta oss!\" \/>\n<meta name=\"robots\" content=\"index, follow, max-snippet:-1, max-image-preview:large, max-video-preview:-1\" \/>\n<link rel=\"canonical\" href=\"https:\/\/pearlstreet.se\/sv\/modtruss\/\" \/>\n<meta property=\"og:locale\" content=\"sv_SE\" \/>\n<meta property=\"og:type\" content=\"article\" \/>\n<meta property=\"og:title\" content=\"ModTruss: H\u00f6gkvalitativt &amp; innovativt modul\u00e4rt riggsystem - Hyr h\u00e4r | Pearl St.\" \/>\n<meta property=\"og:description\" content=\"Pearl St \u00e4r uthyrningspartner f\u00f6r ModTruss, det ledande riggsystemet f\u00f6r event- och scenproffs globalt. Hyr din ModTruss utrustning h\u00e4r - Kontakta oss!\" \/>\n<meta property=\"og:url\" content=\"https:\/\/pearlstreet.se\/sv\/modtruss\/\" \/>\n<meta property=\"og:site_name\" content=\"Pearl St.\" \/>\n<meta property=\"article:publisher\" content=\"https:\/\/www.facebook.com\/pearlstreetproduction\/\" \/>\n<meta property=\"article:modified_time\" content=\"2025-01-20T10:19:25+00:00\" \/>\n<meta name=\"twitter:card\" content=\"summary_large_image\" \/>\n<meta name=\"twitter:label1\" content=\"Ber\u00e4knad l\u00e4stid\" \/>\n\t<meta name=\"twitter:data1\" content=\"8 minuter\" \/>\n<script type=\"application\/ld+json\" class=\"yoast-schema-graph\">{\"@context\":\"https:\/\/schema.org\",\"@graph\":[{\"@type\":\"WebPage\",\"@id\":\"https:\/\/pearlstreet.se\/sv\/modtruss\/\",\"url\":\"https:\/\/pearlstreet.se\/sv\/modtruss\/\",\"name\":\"ModTruss: H\u00f6gkvalitativt & innovativt modul\u00e4rt riggsystem - Hyr h\u00e4r | Pearl St.\",\"isPartOf\":{\"@id\":\"http:\/\/pearlstreet.se\/sv\/#website\"},\"datePublished\":\"2024-11-20T15:37:06+00:00\",\"dateModified\":\"2025-01-20T10:19:25+00:00\",\"description\":\"Pearl St \u00e4r uthyrningspartner f\u00f6r ModTruss, det ledande riggsystemet f\u00f6r event- och scenproffs globalt. Hyr din ModTruss utrustning h\u00e4r - Kontakta oss!\",\"breadcrumb\":{\"@id\":\"https:\/\/pearlstreet.se\/sv\/modtruss\/#breadcrumb\"},\"inLanguage\":\"sv-SE\",\"potentialAction\":[{\"@type\":\"ReadAction\",\"target\":[\"https:\/\/pearlstreet.se\/sv\/modtruss\/\"]}]},{\"@type\":\"BreadcrumbList\",\"@id\":\"https:\/\/pearlstreet.se\/sv\/modtruss\/#breadcrumb\",\"itemListElement\":[{\"@type\":\"ListItem\",\"position\":1,\"name\":\"Hem\",\"item\":\"https:\/\/pearlstreet.se\/sv\/\"},{\"@type\":\"ListItem\",\"position\":2,\"name\":\"Modtruss\"}]},{\"@type\":\"WebSite\",\"@id\":\"http:\/\/pearlstreet.se\/sv\/#website\",\"url\":\"http:\/\/pearlstreet.se\/sv\/\",\"name\":\"Pearl St.\",\"description\":\"Pearl St. - Your innovative event production &amp; solutions partner\",\"publisher\":{\"@id\":\"http:\/\/pearlstreet.se\/sv\/#organization\"},\"alternateName\":\"Pearl Street Production Support AB\",\"potentialAction\":[{\"@type\":\"SearchAction\",\"target\":{\"@type\":\"EntryPoint\",\"urlTemplate\":\"http:\/\/pearlstreet.se\/sv\/?s={search_term_string}\"},\"query-input\":{\"@type\":\"PropertyValueSpecification\",\"valueRequired\":true,\"valueName\":\"search_term_string\"}}],\"inLanguage\":\"sv-SE\"},{\"@type\":\"Organization\",\"@id\":\"http:\/\/pearlstreet.se\/sv\/#organization\",\"name\":\"Pearl St.\",\"alternateName\":\"Pearl Street Production Support AB\",\"url\":\"http:\/\/pearlstreet.se\/sv\/\",\"logo\":{\"@type\":\"ImageObject\",\"inLanguage\":\"sv-SE\",\"@id\":\"http:\/\/pearlstreet.se\/sv\/#\/schema\/logo\/image\/\",\"url\":\"https:\/\/pearlstreet.se\/wp-content\/uploads\/2024\/06\/logo-pearlstreet.jpg\",\"contentUrl\":\"https:\/\/pearlstreet.se\/wp-content\/uploads\/2024\/06\/logo-pearlstreet.jpg\",\"width\":1080,\"height\":1080,\"caption\":\"Pearl St.\"},\"image\":{\"@id\":\"http:\/\/pearlstreet.se\/sv\/#\/schema\/logo\/image\/\"},\"sameAs\":[\"https:\/\/www.facebook.com\/pearlstreetproduction\/\",\"https:\/\/www.instagram.com\/pearl_street_production\/\",\"https:\/\/www.linkedin.com\/company\/pearl-street-production-support-ab\/about\/\"]}]}<\/script>\n<!-- \/ Yoast SEO plugin. -->","yoast_head_json":{"title":"ModTruss: H\u00f6gkvalitativt & innovativt modul\u00e4rt riggsystem - Hyr h\u00e4r | Pearl St.","description":"Pearl St \u00e4r uthyrningspartner f\u00f6r ModTruss, det ledande riggsystemet f\u00f6r event- och scenproffs globalt. Hyr din ModTruss utrustning h\u00e4r - Kontakta oss!","robots":{"index":"index","follow":"follow","max-snippet":"max-snippet:-1","max-image-preview":"max-image-preview:large","max-video-preview":"max-video-preview:-1"},"canonical":"https:\/\/pearlstreet.se\/sv\/modtruss\/","og_locale":"sv_SE","og_type":"article","og_title":"ModTruss: H\u00f6gkvalitativt & innovativt modul\u00e4rt riggsystem - Hyr h\u00e4r | Pearl St.","og_description":"Pearl St \u00e4r uthyrningspartner f\u00f6r ModTruss, det ledande riggsystemet f\u00f6r event- och scenproffs globalt. Hyr din ModTruss utrustning h\u00e4r - Kontakta oss!","og_url":"https:\/\/pearlstreet.se\/sv\/modtruss\/","og_site_name":"Pearl St.","article_publisher":"https:\/\/www.facebook.com\/pearlstreetproduction\/","article_modified_time":"2025-01-20T10:19:25+00:00","twitter_card":"summary_large_image","twitter_misc":{"Ber\u00e4knad l\u00e4stid":"8 minuter"},"schema":{"@context":"https:\/\/schema.org","@graph":[{"@type":"WebPage","@id":"https:\/\/pearlstreet.se\/sv\/modtruss\/","url":"https:\/\/pearlstreet.se\/sv\/modtruss\/","name":"ModTruss: H\u00f6gkvalitativt & innovativt modul\u00e4rt riggsystem - Hyr h\u00e4r | Pearl St.","isPartOf":{"@id":"http:\/\/pearlstreet.se\/sv\/#website"},"datePublished":"2024-11-20T15:37:06+00:00","dateModified":"2025-01-20T10:19:25+00:00","description":"Pearl St \u00e4r uthyrningspartner f\u00f6r ModTruss, det ledande riggsystemet f\u00f6r event- och scenproffs globalt. Hyr din ModTruss utrustning h\u00e4r - Kontakta oss!","breadcrumb":{"@id":"https:\/\/pearlstreet.se\/sv\/modtruss\/#breadcrumb"},"inLanguage":"sv-SE","potentialAction":[{"@type":"ReadAction","target":["https:\/\/pearlstreet.se\/sv\/modtruss\/"]}]},{"@type":"BreadcrumbList","@id":"https:\/\/pearlstreet.se\/sv\/modtruss\/#breadcrumb","itemListElement":[{"@type":"ListItem","position":1,"name":"Hem","item":"https:\/\/pearlstreet.se\/sv\/"},{"@type":"ListItem","position":2,"name":"Modtruss"}]},{"@type":"WebSite","@id":"http:\/\/pearlstreet.se\/sv\/#website","url":"http:\/\/pearlstreet.se\/sv\/","name":"Pearl St.","description":"Pearl St. - Your innovative event production &amp; solutions partner","publisher":{"@id":"http:\/\/pearlstreet.se\/sv\/#organization"},"alternateName":"Pearl Street Production Support AB","potentialAction":[{"@type":"SearchAction","target":{"@type":"EntryPoint","urlTemplate":"http:\/\/pearlstreet.se\/sv\/?s={search_term_string}"},"query-input":{"@type":"PropertyValueSpecification","valueRequired":true,"valueName":"search_term_string"}}],"inLanguage":"sv-SE"},{"@type":"Organization","@id":"http:\/\/pearlstreet.se\/sv\/#organization","name":"Pearl St.","alternateName":"Pearl Street Production Support AB","url":"http:\/\/pearlstreet.se\/sv\/","logo":{"@type":"ImageObject","inLanguage":"sv-SE","@id":"http:\/\/pearlstreet.se\/sv\/#\/schema\/logo\/image\/","url":"https:\/\/pearlstreet.se\/wp-content\/uploads\/2024\/06\/logo-pearlstreet.jpg","contentUrl":"https:\/\/pearlstreet.se\/wp-content\/uploads\/2024\/06\/logo-pearlstreet.jpg","width":1080,"height":1080,"caption":"Pearl St."},"image":{"@id":"http:\/\/pearlstreet.se\/sv\/#\/schema\/logo\/image\/"},"sameAs":["https:\/\/www.facebook.com\/pearlstreetproduction\/","https:\/\/www.instagram.com\/pearl_street_production\/","https:\/\/www.linkedin.com\/company\/pearl-street-production-support-ab\/about\/"]}]}},"_links":{"self":[{"href":"https:\/\/pearlstreet.se\/sv\/wp-json\/wp\/v2\/pages\/1262","targetHints":{"allow":["GET"]}}],"collection":[{"href":"https:\/\/pearlstreet.se\/sv\/wp-json\/wp\/v2\/pages"}],"about":[{"href":"https:\/\/pearlstreet.se\/sv\/wp-json\/wp\/v2\/types\/page"}],"author":[{"embeddable":true,"href":"https:\/\/pearlstreet.se\/sv\/wp-json\/wp\/v2\/users\/2"}],"replies":[{"embeddable":true,"href":"https:\/\/pearlstreet.se\/sv\/wp-json\/wp\/v2\/comments?post=1262"}],"version-history":[{"count":8,"href":"https:\/\/pearlstreet.se\/sv\/wp-json\/wp\/v2\/pages\/1262\/revisions"}],"predecessor-version":[{"id":1773,"href":"https:\/\/pearlstreet.se\/sv\/wp-json\/wp\/v2\/pages\/1262\/revisions\/1773"}],"wp:attachment":[{"href":"https:\/\/pearlstreet.se\/sv\/wp-json\/wp\/v2\/media?parent=1262"}],"curies":[{"name":"wp","href":"https:\/\/api.w.org\/{rel}","templated":true}]}}