{"id":1255,"date":"2024-11-20T15:22:41","date_gmt":"2024-11-20T15:22:41","guid":{"rendered":"https:\/\/pearlstreet.se\/ljus\/"},"modified":"2025-01-18T18:51:56","modified_gmt":"2025-01-18T18:51:56","slug":"ljus","status":"publish","type":"page","link":"https:\/\/pearlstreet.se\/sv\/ljus\/","title":{"rendered":"Ljus och belysning"},"content":{"rendered":"<div>\n<p>P\u00e5 Pearl St erbjuder vi banbrytande belysningsl\u00f6sningar som f\u00f6rvandlar varje evenemang till en of\u00f6rgl\u00f6mlig upplevelse. Vi samarbetar med n\u00e5gra av de mest betrodda och innovativa belysningstillverkarna, inklusive MA Lighting, Martin, Robe, StageSmarts, Luminex, VariLite, Chauvet, Clay Paky, GLP, Ayrton, Portman, Astera och Follow Me f\u00f6r att tillhandah\u00e5lla belysningsl\u00f6sningar som \u00e4r perfekta f\u00f6r alla tillf\u00e4llen, fr\u00e5n teaterproduktioner och konserter till f\u00f6retagsevenemang och festivaler.<\/p>\n<\/div>\n<div>\n<p>MA Lighting \u00e4r den globala ledaren inom belysningskontrollsystem. grandMA3-serien s\u00e4tter en ny standard f\u00f6r belysningskontroll, genom att kombinera kraftfull h\u00e5rdvara med banbrytande mjukvara. Denna innovativa serie m\u00f6jligg\u00f6r s\u00f6ml\u00f6s integration mellan belysnings-, video- och effektsystem, och erbjuder intuitiv kontroll, h\u00f6g flexibilitet och p\u00e5litlighet. grandMA3 anv\u00e4nds vid de st\u00f6rsta evenemangen och installationerna v\u00e4rlden \u00f6ver, vilket g\u00f6r det till det ultimata verktyget f\u00f6r belysningsdesigners och tekniker.<\/p>\n<\/div>\n<div>\n<p>Martin Professional \u00e4r k\u00e4nt f\u00f6r sina h\u00f6gkvalitativa, funktionella r\u00f6rliga ljus. Dessa m\u00e5ngsidiga armaturer \u00e4r designade f\u00f6r ett brett spektrum av applikationer och erbjuder exceptionell f\u00e4rgblandning, skarpa str\u00e5lar och \u00f6verl\u00e4gsen optik. Martin-ljus anv\u00e4nds i stora konsertturn\u00e9er, installationer och live-evenemang v\u00e4rlden \u00f6ver och levererar fantastiska visuella effekter som f\u00e4ngslar publiken.<\/p>\n<\/div>\n<div>\n<p>Robe \u00e4r en annan ledare inom r\u00f6rliga ljus och effekter. K\u00e4nd f\u00f6r sin innovation och banbrytande teknologi som erbjuder exceptionella str\u00e5leffekter, ljusstyrka och m\u00e5ngsidig funktionalitet. Robe\u2019s produkter anv\u00e4nds av toppdesigners i konserter, teatrar och live-evenemang.<\/p>\n<\/div>\n<div>\n<p>StageSmarts specialiserar sig p\u00e5 smarta str\u00f6mf\u00f6rdelningssystem och erbjuder l\u00f6sningar som SmartPower och SmartPDU f\u00f6r att s\u00e4kerst\u00e4lla s\u00e4ker och effektiv hantering av str\u00f6m i storskaliga produktioner. Dessa l\u00f6sningar integreras med din befintliga belysningsutrustning f\u00f6r att ge p\u00e5litlig, realtids\u00f6vervakning av str\u00f6mf\u00f6rbrukning, vilket hj\u00e4lper till att f\u00f6rebygga \u00f6verbelastningar och f\u00f6rb\u00e4ttra systemeffektiviteten.<\/p>\n<\/div>\n<div>\n<p>Luminex tillhandah\u00e5ller h\u00f6gpresterande n\u00e4tverksl\u00f6sningar f\u00f6r belysningskontroll. Deras Ethernet-switchar, DMX-splitters och protokollomvandlare s\u00e4kerst\u00e4ller smidig datatransmission \u00f6ver komplexa belysningssetup. Luminex \u00e4r ett favoritval f\u00f6r professionella som beh\u00f6ver p\u00e5litlig och effektiv signaldistribution, s\u00e4rskilt i storskaliga och komplexa belysningsdesigner.<\/p>\n<\/div>\n<div>\n<p>VariLite, k\u00e4nt f\u00f6r sitt banbrytande arbete inom automatiserad belysning, erbjuder h\u00f6gpresterande armaturer. Dessa r\u00f6rliga ljus \u00e4r mycket uppskattade f\u00f6r sin precision, f\u00e4rg\u00e5tergivning och h\u00e5llbarhet, vilket g\u00f6r dem till ett sj\u00e4lvklart val f\u00f6r h\u00f6gkr\u00e4vande produktioner.<\/p>\n<\/div>\n<div>\n<p>Chauvet Professional \u00e4r k\u00e4nda f\u00f6r sitt breda utbud av prisv\u00e4rda men p\u00e5litliga belysningsprodukter. Deras produkter \u00e4r perfekta f\u00f6r mindre produktioner eller installationer och erbjuder enast\u00e5ende prestanda utan att kompromissa med kvalitet eller pris.<\/p>\n<\/div>\n<div>\n<p>Clay Paky, ett ledande italienskt varum\u00e4rke inom professionell scenbelysning, \u00e4r k\u00e4nda f\u00f6r sina ljusstarka str\u00e5lar, precisa optik och otroliga h\u00e5llbarhet. Oavsett om det g\u00e4ller konserter, teatrar eller tv-produktioner, levererar Clay Paky-ljusvisuellt imponerande effekter som f\u00e4ngslar publiken.<\/p>\n<\/div>\n<div>\n<p>GLP har etablerat sig som en ledande tillverkare av LED-baserade belysningsprodukter. Impression-serien erbjuder kraftfull utmatning, exceptionell f\u00e4rgblandning och effektiv energif\u00f6rbrukning. GLP-ljus anv\u00e4nds i stor utstr\u00e4ckning i turn\u00e9er, teatrar och s\u00e4ndningsapplikationer.<\/p>\n<\/div>\n<div>\n<p>Ayrton erbjuder h\u00f6gpresterande LED-r\u00f6rliga ljus som levererar kraftfulla effekter och ljusstyrka. Deras armaturer \u00e4r idealiska f\u00f6r turn\u00e9er och teaterproduktioner, med kompakt storlek, h\u00f6g utmatning och ett brett utbud av kreativa belysningsm\u00f6jligheter.<\/p>\n<\/div>\n<div>\n<p>Portman erbjuder visuellt sl\u00e5ende LED-belysning med en retroestetik. Deras P3-serie \u00e4r designad f\u00f6r att kombinera gammaldags stil med modern teknologi och erbjuder unika visuella effekter och en nostalgisk k\u00e4nsla som sticker ut i varje produktion.<\/p>\n<\/div>\n<div>\n<p>Astera har revolutionerat portabel och tr\u00e5dl\u00f6s belysning. Dessa batteridrivna LED-lampor \u00e4r perfekta f\u00f6r evenemang d\u00e4r flexibilitet och r\u00f6rlighet \u00e4r avg\u00f6rande. De levererar fantastiska f\u00e4rger och effekter utan behov av omfattande riggning eller kablar.<\/p>\n<\/div>\n<div>\n<p>Follow Me \u00e4r ett tr\u00e5dl\u00f6st follow-spot-system som g\u00f6r det m\u00f6jligt f\u00f6r ljusoperat\u00f6rer att f\u00f6lja framtr\u00e4dande personer p\u00e5 scenen med precision. Det integreras med din befintliga belysningssetup och erbjuder flexibel och p\u00e5litlig sp\u00e5rningskapacitet f\u00f6r alla live-f\u00f6rest\u00e4llningar.<\/p>\n<\/div>\n<div>\n<p>Oavsett om du designar f\u00f6r en massiv festival, en f\u00f6retagsvisning eller en teaterproduktion, erbjuder Pearl Stbelysningsl\u00f6sningar som levererar fantastiska visuella effekter, s\u00f6ml\u00f6s kontroll och o\u00f6vertr\u00e4ffad tillf\u00f6rlitlighet. V\u00e5r utrustning anv\u00e4nds av de b\u00e4sta inom branschen, vilket s\u00e4kerst\u00e4ller att din produktion lyser starkare \u00e4n n\u00e5gonsin.<\/p>\n<\/div>\n","protected":false},"excerpt":{"rendered":"<p>P\u00e5 Pearl St erbjuder vi banbrytande belysningsl\u00f6sningar som f\u00f6rvandlar varje evenemang till en of\u00f6rgl\u00f6mlig upplevelse. Vi samarbetar med n\u00e5gra av de mest betrodda och innovativa belysningstillverkarna, inklusive MA Lighting, Martin, Robe, StageSmarts, Luminex, VariLite, Chauvet, Clay Paky, GLP, Ayrton, Portman, Astera och Follow Me f\u00f6r att tillhandah\u00e5lla belysningsl\u00f6sningar som \u00e4r perfekta f\u00f6r alla tillf\u00e4llen, fr\u00e5n [&hellip;]<\/p>\n","protected":false},"author":2,"featured_media":0,"parent":0,"menu_order":0,"comment_status":"closed","ping_status":"closed","template":"","meta":{"_acf_changed":false,"footnotes":""},"class_list":["post-1255","page","type-page","status-publish","hentry"],"acf":[],"yoast_head":"<!-- This site is optimized with the Yoast SEO plugin v27.2 - https:\/\/yoast.com\/product\/yoast-seo-wordpress\/ -->\n<title>Ljus &amp; belysning f\u00f6r alla tillf\u00e4llen | Pearl St.<\/title>\n<meta name=\"description\" content=\"P\u00e5 Pearl St erbjuder vi banbrytande belysningsl\u00f6sningar som f\u00f6rvandlar varje evenemang till en of\u00f6rgl\u00f6mlig upplevelse. Kontakta oss idag!\" \/>\n<meta name=\"robots\" content=\"index, follow, max-snippet:-1, max-image-preview:large, max-video-preview:-1\" \/>\n<link rel=\"canonical\" href=\"https:\/\/pearlstreet.se\/sv\/ljus\/\" \/>\n<meta property=\"og:locale\" content=\"sv_SE\" \/>\n<meta property=\"og:type\" content=\"article\" \/>\n<meta property=\"og:title\" content=\"Ljus &amp; belysning f\u00f6r alla tillf\u00e4llen | Pearl St.\" \/>\n<meta property=\"og:description\" content=\"P\u00e5 Pearl St erbjuder vi banbrytande belysningsl\u00f6sningar som f\u00f6rvandlar varje evenemang till en of\u00f6rgl\u00f6mlig upplevelse. Kontakta oss idag!\" \/>\n<meta property=\"og:url\" content=\"https:\/\/pearlstreet.se\/sv\/ljus\/\" \/>\n<meta property=\"og:site_name\" content=\"Pearl St.\" \/>\n<meta property=\"article:publisher\" content=\"https:\/\/www.facebook.com\/pearlstreetproduction\/\" \/>\n<meta property=\"article:modified_time\" content=\"2025-01-18T18:51:56+00:00\" \/>\n<meta name=\"twitter:card\" content=\"summary_large_image\" \/>\n<meta name=\"twitter:label1\" content=\"Ber\u00e4knad l\u00e4stid\" \/>\n\t<meta name=\"twitter:data1\" content=\"3 minuter\" \/>\n<script type=\"application\/ld+json\" class=\"yoast-schema-graph\">{\"@context\":\"https:\/\/schema.org\",\"@graph\":[{\"@type\":\"WebPage\",\"@id\":\"https:\/\/pearlstreet.se\/sv\/ljus\/\",\"url\":\"https:\/\/pearlstreet.se\/sv\/ljus\/\",\"name\":\"Ljus & belysning f\u00f6r alla tillf\u00e4llen | Pearl St.\",\"isPartOf\":{\"@id\":\"http:\/\/pearlstreet.se\/sv\/#website\"},\"datePublished\":\"2024-11-20T15:22:41+00:00\",\"dateModified\":\"2025-01-18T18:51:56+00:00\",\"description\":\"P\u00e5 Pearl St erbjuder vi banbrytande belysningsl\u00f6sningar som f\u00f6rvandlar varje evenemang till en of\u00f6rgl\u00f6mlig upplevelse. Kontakta oss idag!\",\"breadcrumb\":{\"@id\":\"https:\/\/pearlstreet.se\/sv\/ljus\/#breadcrumb\"},\"inLanguage\":\"sv-SE\",\"potentialAction\":[{\"@type\":\"ReadAction\",\"target\":[\"https:\/\/pearlstreet.se\/sv\/ljus\/\"]}]},{\"@type\":\"BreadcrumbList\",\"@id\":\"https:\/\/pearlstreet.se\/sv\/ljus\/#breadcrumb\",\"itemListElement\":[{\"@type\":\"ListItem\",\"position\":1,\"name\":\"Hem\",\"item\":\"https:\/\/pearlstreet.se\/sv\/\"},{\"@type\":\"ListItem\",\"position\":2,\"name\":\"Ljus och belysning\"}]},{\"@type\":\"WebSite\",\"@id\":\"http:\/\/pearlstreet.se\/sv\/#website\",\"url\":\"http:\/\/pearlstreet.se\/sv\/\",\"name\":\"Pearl St.\",\"description\":\"Pearl St. - Your innovative event production &amp; solutions partner\",\"publisher\":{\"@id\":\"http:\/\/pearlstreet.se\/sv\/#organization\"},\"alternateName\":\"Pearl Street Production Support AB\",\"potentialAction\":[{\"@type\":\"SearchAction\",\"target\":{\"@type\":\"EntryPoint\",\"urlTemplate\":\"http:\/\/pearlstreet.se\/sv\/?s={search_term_string}\"},\"query-input\":{\"@type\":\"PropertyValueSpecification\",\"valueRequired\":true,\"valueName\":\"search_term_string\"}}],\"inLanguage\":\"sv-SE\"},{\"@type\":\"Organization\",\"@id\":\"http:\/\/pearlstreet.se\/sv\/#organization\",\"name\":\"Pearl St.\",\"alternateName\":\"Pearl Street Production Support AB\",\"url\":\"http:\/\/pearlstreet.se\/sv\/\",\"logo\":{\"@type\":\"ImageObject\",\"inLanguage\":\"sv-SE\",\"@id\":\"http:\/\/pearlstreet.se\/sv\/#\/schema\/logo\/image\/\",\"url\":\"https:\/\/pearlstreet.se\/wp-content\/uploads\/2024\/06\/logo-pearlstreet.jpg\",\"contentUrl\":\"https:\/\/pearlstreet.se\/wp-content\/uploads\/2024\/06\/logo-pearlstreet.jpg\",\"width\":1080,\"height\":1080,\"caption\":\"Pearl St.\"},\"image\":{\"@id\":\"http:\/\/pearlstreet.se\/sv\/#\/schema\/logo\/image\/\"},\"sameAs\":[\"https:\/\/www.facebook.com\/pearlstreetproduction\/\",\"https:\/\/www.instagram.com\/pearl_street_production\/\",\"https:\/\/www.linkedin.com\/company\/pearl-street-production-support-ab\/about\/\"]}]}<\/script>\n<!-- \/ Yoast SEO plugin. -->","yoast_head_json":{"title":"Ljus & belysning f\u00f6r alla tillf\u00e4llen | Pearl St.","description":"P\u00e5 Pearl St erbjuder vi banbrytande belysningsl\u00f6sningar som f\u00f6rvandlar varje evenemang till en of\u00f6rgl\u00f6mlig upplevelse. Kontakta oss idag!","robots":{"index":"index","follow":"follow","max-snippet":"max-snippet:-1","max-image-preview":"max-image-preview:large","max-video-preview":"max-video-preview:-1"},"canonical":"https:\/\/pearlstreet.se\/sv\/ljus\/","og_locale":"sv_SE","og_type":"article","og_title":"Ljus & belysning f\u00f6r alla tillf\u00e4llen | Pearl St.","og_description":"P\u00e5 Pearl St erbjuder vi banbrytande belysningsl\u00f6sningar som f\u00f6rvandlar varje evenemang till en of\u00f6rgl\u00f6mlig upplevelse. Kontakta oss idag!","og_url":"https:\/\/pearlstreet.se\/sv\/ljus\/","og_site_name":"Pearl St.","article_publisher":"https:\/\/www.facebook.com\/pearlstreetproduction\/","article_modified_time":"2025-01-18T18:51:56+00:00","twitter_card":"summary_large_image","twitter_misc":{"Ber\u00e4knad l\u00e4stid":"3 minuter"},"schema":{"@context":"https:\/\/schema.org","@graph":[{"@type":"WebPage","@id":"https:\/\/pearlstreet.se\/sv\/ljus\/","url":"https:\/\/pearlstreet.se\/sv\/ljus\/","name":"Ljus & belysning f\u00f6r alla tillf\u00e4llen | Pearl St.","isPartOf":{"@id":"http:\/\/pearlstreet.se\/sv\/#website"},"datePublished":"2024-11-20T15:22:41+00:00","dateModified":"2025-01-18T18:51:56+00:00","description":"P\u00e5 Pearl St erbjuder vi banbrytande belysningsl\u00f6sningar som f\u00f6rvandlar varje evenemang till en of\u00f6rgl\u00f6mlig upplevelse. Kontakta oss idag!","breadcrumb":{"@id":"https:\/\/pearlstreet.se\/sv\/ljus\/#breadcrumb"},"inLanguage":"sv-SE","potentialAction":[{"@type":"ReadAction","target":["https:\/\/pearlstreet.se\/sv\/ljus\/"]}]},{"@type":"BreadcrumbList","@id":"https:\/\/pearlstreet.se\/sv\/ljus\/#breadcrumb","itemListElement":[{"@type":"ListItem","position":1,"name":"Hem","item":"https:\/\/pearlstreet.se\/sv\/"},{"@type":"ListItem","position":2,"name":"Ljus och belysning"}]},{"@type":"WebSite","@id":"http:\/\/pearlstreet.se\/sv\/#website","url":"http:\/\/pearlstreet.se\/sv\/","name":"Pearl St.","description":"Pearl St. - Your innovative event production &amp; solutions partner","publisher":{"@id":"http:\/\/pearlstreet.se\/sv\/#organization"},"alternateName":"Pearl Street Production Support AB","potentialAction":[{"@type":"SearchAction","target":{"@type":"EntryPoint","urlTemplate":"http:\/\/pearlstreet.se\/sv\/?s={search_term_string}"},"query-input":{"@type":"PropertyValueSpecification","valueRequired":true,"valueName":"search_term_string"}}],"inLanguage":"sv-SE"},{"@type":"Organization","@id":"http:\/\/pearlstreet.se\/sv\/#organization","name":"Pearl St.","alternateName":"Pearl Street Production Support AB","url":"http:\/\/pearlstreet.se\/sv\/","logo":{"@type":"ImageObject","inLanguage":"sv-SE","@id":"http:\/\/pearlstreet.se\/sv\/#\/schema\/logo\/image\/","url":"https:\/\/pearlstreet.se\/wp-content\/uploads\/2024\/06\/logo-pearlstreet.jpg","contentUrl":"https:\/\/pearlstreet.se\/wp-content\/uploads\/2024\/06\/logo-pearlstreet.jpg","width":1080,"height":1080,"caption":"Pearl St."},"image":{"@id":"http:\/\/pearlstreet.se\/sv\/#\/schema\/logo\/image\/"},"sameAs":["https:\/\/www.facebook.com\/pearlstreetproduction\/","https:\/\/www.instagram.com\/pearl_street_production\/","https:\/\/www.linkedin.com\/company\/pearl-street-production-support-ab\/about\/"]}]}},"_links":{"self":[{"href":"https:\/\/pearlstreet.se\/sv\/wp-json\/wp\/v2\/pages\/1255","targetHints":{"allow":["GET"]}}],"collection":[{"href":"https:\/\/pearlstreet.se\/sv\/wp-json\/wp\/v2\/pages"}],"about":[{"href":"https:\/\/pearlstreet.se\/sv\/wp-json\/wp\/v2\/types\/page"}],"author":[{"embeddable":true,"href":"https:\/\/pearlstreet.se\/sv\/wp-json\/wp\/v2\/users\/2"}],"replies":[{"embeddable":true,"href":"https:\/\/pearlstreet.se\/sv\/wp-json\/wp\/v2\/comments?post=1255"}],"version-history":[{"count":5,"href":"https:\/\/pearlstreet.se\/sv\/wp-json\/wp\/v2\/pages\/1255\/revisions"}],"predecessor-version":[{"id":1552,"href":"https:\/\/pearlstreet.se\/sv\/wp-json\/wp\/v2\/pages\/1255\/revisions\/1552"}],"wp:attachment":[{"href":"https:\/\/pearlstreet.se\/sv\/wp-json\/wp\/v2\/media?parent=1255"}],"curies":[{"name":"wp","href":"https:\/\/api.w.org\/{rel}","templated":true}]}}