{"id":1250,"date":"2024-11-20T15:08:12","date_gmt":"2024-11-20T15:08:12","guid":{"rendered":"https:\/\/pearlstreet.se\/ljud\/"},"modified":"2025-01-18T18:47:26","modified_gmt":"2025-01-18T18:47:26","slug":"ljud","status":"publish","type":"page","link":"https:\/\/pearlstreet.se\/sv\/ljud\/","title":{"rendered":"Ljud"},"content":{"rendered":"<div>\n<p>P\u00e5 Pearl St erbjuder vi ett omfattande utbud av ljudutrustning fr\u00e5n v\u00e4rldsledande m\u00e4rken som L-Acoustics, d&amp;b, Shure, Yamaha, Digico, DPA-mikrofoner, Sennheiser och andra toppm\u00e4rken, f\u00f6r att ge dig de b\u00e4sta l\u00f6sningarna f\u00f6r alla dina ljudproduktionsbehov. Oavsett om du producerar en stor konsert, ett f\u00f6retagsevenemang eller en intim livef\u00f6rest\u00e4llning, s\u00e4kerst\u00e4ller v\u00e5ra ljudsystem att ditt evenemang l\u00e5ter felfritt, oavsett storlek eller komplexitet.<\/p>\n<\/div>\n<div>\n<p>L-Acoustics \u00e4r synonymt med precision, klarhet och ett brett dynamiskt omf\u00e5ng, vilket g\u00f6r det till ett p\u00e5litligt namn inom professionellt ljud. K\u00e4nda f\u00f6r sin innovation inom ljudf\u00f6rst\u00e4rkning, erbjuder L-Acoustics ljudsystem som \u00e4r l\u00e4mpliga b\u00e5de f\u00f6r stora arenor och mindre lokaler, och s\u00e4kerst\u00e4ller felfri ljudt\u00e4ckning f\u00f6r alla typer av evenemang.<\/p>\n<\/div>\n<div>\n<p>L2-systemet \u00e4r ett viktigt tillskott till L-Acoustics\u2019 portf\u00f6lj och erbjuder exceptionell ljudkvalitet och flexibilitet. L2-systemet \u00e4r kompakt och l\u00e4tt, vilket g\u00f6r det idealiskt f\u00f6r en m\u00e4ngd olika applikationer, fr\u00e5n f\u00f6retagsevenemang till medelstora konserter. Det levererar konsekvent ljud av h\u00f6g kvalitet \u00f6ver alla frekvenser och utm\u00e4rker sig b\u00e5de i h\u00f6g effekt och l\u00e5g niv\u00e5, nyanserad ljudreproduktion. L2 design integreras s\u00f6ml\u00f6st i det bredare L-Acoustics-ekosystemet, vilket g\u00f6r att det kan kombineras med K1-, K2- och X-seriens h\u00f6gtalare f\u00f6r skalbara l\u00f6sningar. Denna anpassningsbarhet g\u00f6r L2-systemet till ett idealiskt val f\u00f6r olika evenemangsstorlekar och krav.<\/p>\n<\/div>\n<div>\n<p>L-Acoustics-system, inklusive K1, K2 och X-serierna, \u00e4r betrodda av ljudtekniker och evenemangsplanerare v\u00e4rlden \u00f6ver f\u00f6r deras \u00f6verl\u00e4gsna prestanda och skalbarhet. Oavsett om de anv\u00e4nds i stora konsertlokaler, stadioner eller mindre, intima milj\u00f6er, utm\u00e4rker sig L-Acoustics i att leverera optimal ljudt\u00e4ckning. Den avancerade teknologin som anv\u00e4nds i L-Acoustics-systemen s\u00e4kerst\u00e4ller exakt, j\u00e4mn ljuddistribution, vilket g\u00f6r att varje lyssnare f\u00e5r uppleva samma ljudkvalitet.<\/p>\n<\/div>\n<div>\n<p>d&amp;b \u00e4r en annan ledare inom ljudindustrin, k\u00e4nd f\u00f6r att tillhandah\u00e5lla kraftfulla, p\u00e5litliga och innovativa ljudsystem. Deras J-serie och Y-serie h\u00f6gtalare anv\u00e4nds ofta i kr\u00e4vande applikationer s\u00e5som livef\u00f6rest\u00e4llningar, installationer och storskaliga evenemang. d&amp;bs unika syn p\u00e5 systemdesign s\u00e4kerst\u00e4ller att varje plats i lokalen f\u00e5r samma h\u00f6gkvalitativa ljudupplevelse. Deras ArrayProcessing-teknologi optimerar ljudutmatningen och ger publiken klart och omslutande ljud, oavsett var de sitter.<\/p>\n<\/div>\n<div>\n<p>Shure-mikrofoner \u00e4r betrodda \u00f6ver en rad olika industrier f\u00f6r sin exceptionella ljudupptagning. Oavsett om det g\u00e4ller f\u00f6retagsevenemang, konserter eller s\u00e4ndningsmilj\u00f6er, levererar Shure-mikrofoner kristallklart och p\u00e5litligt ljud. SM-serien, KSM-serien och Axient Digital tr\u00e5dl\u00f6sa system \u00e4r n\u00e5gra av de mest popul\u00e4ra och p\u00e5litliga alternativen inom professionellt ljud. Med legendarisk h\u00e5llbarhet och exceptionell ljudkvalitet \u00e4r Shure-mikrofoner perfekta f\u00f6r att f\u00e5nga varje nyans i en f\u00f6rest\u00e4llning eller tal.<\/p>\n<\/div>\n<div>\n<p>Yamaha erbjuder b\u00e5de analoga och digitala ljudl\u00f6sningar som \u00e4r mycket respekterade f\u00f6r sin innovation och p\u00e5litlighet. Deras serier med digitala ljudbord \u00e4r vida ansedda f\u00f6r sin precision, m\u00e5ngsidighet och \u00f6verl\u00e4gsna ljudkvalitet inom live-ljudproduktion. Dessa ljudbord anv\u00e4nds i allt fr\u00e5n stora konserthus till f\u00f6retagsevenemang och ger o\u00f6vertr\u00e4ffad kontroll \u00f6ver komplexa ljudsystem.<\/p>\n<\/div>\n<div>\n<p>Digico-bord \u00e4r betrodda av topprofessionella inom live-ljud, s\u00e4ndning och teater f\u00f6r sina kraftfulla bearbetningsm\u00f6jligheter och anv\u00e4ndarv\u00e4nlighet. Digicos digitala mixningsteknik g\u00f6r det m\u00f6jligt f\u00f6r ingenj\u00f6rer att hantera komplexa setup utan problem och samtidigt bibeh\u00e5lla h\u00f6g ljudkvalitet. Digico prisas s\u00e4rskilt f\u00f6r sitt intuitiva gr\u00e4nssnitt och kraftfulla bearbetning, vilket g\u00f6r det m\u00f6jligt f\u00f6r ingenj\u00f6rer att skapa komplexa mixar med l\u00e4tthet.<\/p>\n<\/div>\n<div>\n<p>DPA-mikrofoner \u00e4r h\u00f6gt uppskattade f\u00f6r sin naturliga och detaljerade ljudreproduktion, vilket g\u00f6r dem till ett popul\u00e4rt val f\u00f6r livef\u00f6rest\u00e4llningar, teaterproduktioner och s\u00e4ndningsapplikationer. Deras mikrofoner ger kristallklart ljud samtidigt som de minimerar distorsion. DPAs mikrofoner \u00e4r designade f\u00f6r att f\u00e5nga varje detalj med precision, vilket g\u00f6r dem perfekta f\u00f6r kr\u00e4vande ljudmilj\u00f6er.<\/p>\n<\/div>\n<div>\n<p>Sennheiser erbjuder ett omfattande utbud av tr\u00e5dl\u00f6sa mikrofoner och h\u00f6gpresterande ljudl\u00f6sningar f\u00f6r varje scen. Sennheisers tr\u00e5dl\u00f6sa system \u00e4r k\u00e4nda f\u00f6r sin p\u00e5litlighet, anv\u00e4ndarv\u00e4nlighet och exceptionella ljudkvalitet. Med robusta funktioner som l\u00e5ng r\u00e4ckvidd, flera frekvenser och st\u00f6rningsfri \u00f6verf\u00f6ring, \u00e4r Sennheiser den sj\u00e4lvklara l\u00f6sningen f\u00f6r professionella ljudbehov.<\/p>\n<\/div>\n<div>\n<p>P\u00e5 Pearl St f\u00f6rst\u00e5r vi vikten av att leverera kristallklart ljud i alla milj\u00f6er. D\u00e4rf\u00f6r v\u00e4ljer vi noggrant den b\u00e4sta utrustningen fr\u00e5n m\u00e4rken som L-Acoustics, d&amp;b, Shure, Yamaha, Digico, DPA-mikrofoner, Sennheiser och andra, f\u00f6r att ge dig ljudl\u00f6sningar som \u00e4r p\u00e5litliga, skalbara och perfekta f\u00f6r ditt evenemang. Oavsett om du beh\u00f6ver fullrange-ljudsystem, tr\u00e5dl\u00f6sa mikrofoner eller avancerade digitala ljudbord, har vi utrustningen som g\u00f6r det m\u00f6jligt.<\/p>\n<\/div>\n<div>\n<p>Pearl St s\u00e4kerst\u00e4ller att de ljudsystem vi tillhandah\u00e5ller levererar o\u00f6vertr\u00e4ffad ljudkvalitet, oavsett storlek eller typ av evenemang. Fr\u00e5n sm\u00e5 m\u00f6ten och konferenser till stora konserter och festivaler, erbjuder vi professionell ljudutrustning som uppfyller behoven hos ljuddesigners, ingenj\u00f6rer och evenemangsplanerare v\u00e4rlden \u00f6ver.<\/p>\n<\/div>\n<p>Med L-Acoustics och andra betrodda varum\u00e4rken hj\u00e4lper vi dig att skapa en uppslukande och felfri auditiv upplevelse, och ser till att varje ton, r\u00f6st och ljudeffekt f\u00e5ngas perfekt f\u00f6r din publik.<\/p>\n","protected":false},"excerpt":{"rendered":"<p>P\u00e5 Pearl St erbjuder vi ett omfattande utbud av ljudutrustning fr\u00e5n v\u00e4rldsledande m\u00e4rken som L-Acoustics, d&amp;b, Shure, Yamaha, Digico, DPA-mikrofoner, Sennheiser och andra toppm\u00e4rken, f\u00f6r att ge dig de b\u00e4sta l\u00f6sningarna f\u00f6r alla dina ljudproduktionsbehov. Oavsett om du producerar en stor konsert, ett f\u00f6retagsevenemang eller en intim livef\u00f6rest\u00e4llning, s\u00e4kerst\u00e4ller v\u00e5ra ljudsystem att ditt evenemang l\u00e5ter [&hellip;]<\/p>\n","protected":false},"author":2,"featured_media":0,"parent":0,"menu_order":0,"comment_status":"closed","ping_status":"closed","template":"","meta":{"_acf_changed":false,"footnotes":""},"class_list":["post-1250","page","type-page","status-publish","hentry"],"acf":[],"yoast_head":"<!-- This site is optimized with the Yoast SEO plugin v27.5 - https:\/\/yoast.com\/product\/yoast-seo-wordpress\/ -->\n<title>Ljud &amp; ljudutrustning f\u00f6r evenemang och konserter | Pearl St.<\/title>\n<meta name=\"description\" content=\"Pearl St erbjuder ett omfattande utbud av ljudutrustning fr\u00e5n v\u00e4rldsledande m\u00e4rken. F\u00f6r ljudsystem med o\u00f6vertr\u00e4ffad ljudkvalitet - Kontakta oss!\" \/>\n<meta name=\"robots\" content=\"index, follow, max-snippet:-1, max-image-preview:large, max-video-preview:-1\" \/>\n<link rel=\"canonical\" href=\"https:\/\/pearlstreet.se\/sv\/ljud\/\" \/>\n<meta property=\"og:locale\" content=\"sv_SE\" \/>\n<meta property=\"og:type\" content=\"article\" \/>\n<meta property=\"og:title\" content=\"Ljud &amp; ljudutrustning f\u00f6r evenemang och konserter | Pearl St.\" \/>\n<meta property=\"og:description\" content=\"Pearl St erbjuder ett omfattande utbud av ljudutrustning fr\u00e5n v\u00e4rldsledande m\u00e4rken. F\u00f6r ljudsystem med o\u00f6vertr\u00e4ffad ljudkvalitet - Kontakta oss!\" \/>\n<meta property=\"og:url\" content=\"https:\/\/pearlstreet.se\/sv\/ljud\/\" \/>\n<meta property=\"og:site_name\" content=\"Pearl St.\" \/>\n<meta property=\"article:publisher\" content=\"https:\/\/www.facebook.com\/pearlstreetproduction\/\" \/>\n<meta property=\"article:modified_time\" content=\"2025-01-18T18:47:26+00:00\" \/>\n<meta name=\"twitter:card\" content=\"summary_large_image\" \/>\n<meta name=\"twitter:label1\" content=\"Ber\u00e4knad l\u00e4stid\" \/>\n\t<meta name=\"twitter:data1\" content=\"4 minuter\" \/>\n<script type=\"application\/ld+json\" class=\"yoast-schema-graph\">{\"@context\":\"https:\\\/\\\/schema.org\",\"@graph\":[{\"@type\":\"WebPage\",\"@id\":\"https:\\\/\\\/pearlstreet.se\\\/sv\\\/ljud\\\/\",\"url\":\"https:\\\/\\\/pearlstreet.se\\\/sv\\\/ljud\\\/\",\"name\":\"Ljud & ljudutrustning f\u00f6r evenemang och konserter | Pearl St.\",\"isPartOf\":{\"@id\":\"http:\\\/\\\/pearlstreet.se\\\/sv\\\/#website\"},\"datePublished\":\"2024-11-20T15:08:12+00:00\",\"dateModified\":\"2025-01-18T18:47:26+00:00\",\"description\":\"Pearl St erbjuder ett omfattande utbud av ljudutrustning fr\u00e5n v\u00e4rldsledande m\u00e4rken. F\u00f6r ljudsystem med o\u00f6vertr\u00e4ffad ljudkvalitet - Kontakta oss!\",\"breadcrumb\":{\"@id\":\"https:\\\/\\\/pearlstreet.se\\\/sv\\\/ljud\\\/#breadcrumb\"},\"inLanguage\":\"sv-SE\",\"potentialAction\":[{\"@type\":\"ReadAction\",\"target\":[\"https:\\\/\\\/pearlstreet.se\\\/sv\\\/ljud\\\/\"]}]},{\"@type\":\"BreadcrumbList\",\"@id\":\"https:\\\/\\\/pearlstreet.se\\\/sv\\\/ljud\\\/#breadcrumb\",\"itemListElement\":[{\"@type\":\"ListItem\",\"position\":1,\"name\":\"Hem\",\"item\":\"https:\\\/\\\/pearlstreet.se\\\/sv\\\/\"},{\"@type\":\"ListItem\",\"position\":2,\"name\":\"Ljud\"}]},{\"@type\":\"WebSite\",\"@id\":\"http:\\\/\\\/pearlstreet.se\\\/sv\\\/#website\",\"url\":\"http:\\\/\\\/pearlstreet.se\\\/sv\\\/\",\"name\":\"Pearl St.\",\"description\":\"Pearl St. - Your innovative event production &amp; solutions partner\",\"publisher\":{\"@id\":\"http:\\\/\\\/pearlstreet.se\\\/sv\\\/#organization\"},\"alternateName\":\"Pearl Street Production Support AB\",\"potentialAction\":[{\"@type\":\"SearchAction\",\"target\":{\"@type\":\"EntryPoint\",\"urlTemplate\":\"http:\\\/\\\/pearlstreet.se\\\/sv\\\/?s={search_term_string}\"},\"query-input\":{\"@type\":\"PropertyValueSpecification\",\"valueRequired\":true,\"valueName\":\"search_term_string\"}}],\"inLanguage\":\"sv-SE\"},{\"@type\":\"Organization\",\"@id\":\"http:\\\/\\\/pearlstreet.se\\\/sv\\\/#organization\",\"name\":\"Pearl St.\",\"alternateName\":\"Pearl Street Production Support AB\",\"url\":\"http:\\\/\\\/pearlstreet.se\\\/sv\\\/\",\"logo\":{\"@type\":\"ImageObject\",\"inLanguage\":\"sv-SE\",\"@id\":\"http:\\\/\\\/pearlstreet.se\\\/sv\\\/#\\\/schema\\\/logo\\\/image\\\/\",\"url\":\"https:\\\/\\\/pearlstreet.se\\\/wp-content\\\/uploads\\\/2024\\\/06\\\/logo-pearlstreet.jpg\",\"contentUrl\":\"https:\\\/\\\/pearlstreet.se\\\/wp-content\\\/uploads\\\/2024\\\/06\\\/logo-pearlstreet.jpg\",\"width\":1080,\"height\":1080,\"caption\":\"Pearl St.\"},\"image\":{\"@id\":\"http:\\\/\\\/pearlstreet.se\\\/sv\\\/#\\\/schema\\\/logo\\\/image\\\/\"},\"sameAs\":[\"https:\\\/\\\/www.facebook.com\\\/pearlstreetproduction\\\/\",\"https:\\\/\\\/www.instagram.com\\\/pearl_street_production\\\/\",\"https:\\\/\\\/www.linkedin.com\\\/company\\\/pearl-street-production-support-ab\\\/about\\\/\"]}]}<\/script>\n<!-- \/ Yoast SEO plugin. -->","yoast_head_json":{"title":"Ljud & ljudutrustning f\u00f6r evenemang och konserter | Pearl St.","description":"Pearl St erbjuder ett omfattande utbud av ljudutrustning fr\u00e5n v\u00e4rldsledande m\u00e4rken. F\u00f6r ljudsystem med o\u00f6vertr\u00e4ffad ljudkvalitet - Kontakta oss!","robots":{"index":"index","follow":"follow","max-snippet":"max-snippet:-1","max-image-preview":"max-image-preview:large","max-video-preview":"max-video-preview:-1"},"canonical":"https:\/\/pearlstreet.se\/sv\/ljud\/","og_locale":"sv_SE","og_type":"article","og_title":"Ljud & ljudutrustning f\u00f6r evenemang och konserter | Pearl St.","og_description":"Pearl St erbjuder ett omfattande utbud av ljudutrustning fr\u00e5n v\u00e4rldsledande m\u00e4rken. F\u00f6r ljudsystem med o\u00f6vertr\u00e4ffad ljudkvalitet - Kontakta oss!","og_url":"https:\/\/pearlstreet.se\/sv\/ljud\/","og_site_name":"Pearl St.","article_publisher":"https:\/\/www.facebook.com\/pearlstreetproduction\/","article_modified_time":"2025-01-18T18:47:26+00:00","twitter_card":"summary_large_image","twitter_misc":{"Ber\u00e4knad l\u00e4stid":"4 minuter"},"schema":{"@context":"https:\/\/schema.org","@graph":[{"@type":"WebPage","@id":"https:\/\/pearlstreet.se\/sv\/ljud\/","url":"https:\/\/pearlstreet.se\/sv\/ljud\/","name":"Ljud & ljudutrustning f\u00f6r evenemang och konserter | Pearl St.","isPartOf":{"@id":"http:\/\/pearlstreet.se\/sv\/#website"},"datePublished":"2024-11-20T15:08:12+00:00","dateModified":"2025-01-18T18:47:26+00:00","description":"Pearl St erbjuder ett omfattande utbud av ljudutrustning fr\u00e5n v\u00e4rldsledande m\u00e4rken. F\u00f6r ljudsystem med o\u00f6vertr\u00e4ffad ljudkvalitet - Kontakta oss!","breadcrumb":{"@id":"https:\/\/pearlstreet.se\/sv\/ljud\/#breadcrumb"},"inLanguage":"sv-SE","potentialAction":[{"@type":"ReadAction","target":["https:\/\/pearlstreet.se\/sv\/ljud\/"]}]},{"@type":"BreadcrumbList","@id":"https:\/\/pearlstreet.se\/sv\/ljud\/#breadcrumb","itemListElement":[{"@type":"ListItem","position":1,"name":"Hem","item":"https:\/\/pearlstreet.se\/sv\/"},{"@type":"ListItem","position":2,"name":"Ljud"}]},{"@type":"WebSite","@id":"http:\/\/pearlstreet.se\/sv\/#website","url":"http:\/\/pearlstreet.se\/sv\/","name":"Pearl St.","description":"Pearl St. - Your innovative event production &amp; solutions partner","publisher":{"@id":"http:\/\/pearlstreet.se\/sv\/#organization"},"alternateName":"Pearl Street Production Support AB","potentialAction":[{"@type":"SearchAction","target":{"@type":"EntryPoint","urlTemplate":"http:\/\/pearlstreet.se\/sv\/?s={search_term_string}"},"query-input":{"@type":"PropertyValueSpecification","valueRequired":true,"valueName":"search_term_string"}}],"inLanguage":"sv-SE"},{"@type":"Organization","@id":"http:\/\/pearlstreet.se\/sv\/#organization","name":"Pearl St.","alternateName":"Pearl Street Production Support AB","url":"http:\/\/pearlstreet.se\/sv\/","logo":{"@type":"ImageObject","inLanguage":"sv-SE","@id":"http:\/\/pearlstreet.se\/sv\/#\/schema\/logo\/image\/","url":"https:\/\/pearlstreet.se\/wp-content\/uploads\/2024\/06\/logo-pearlstreet.jpg","contentUrl":"https:\/\/pearlstreet.se\/wp-content\/uploads\/2024\/06\/logo-pearlstreet.jpg","width":1080,"height":1080,"caption":"Pearl St."},"image":{"@id":"http:\/\/pearlstreet.se\/sv\/#\/schema\/logo\/image\/"},"sameAs":["https:\/\/www.facebook.com\/pearlstreetproduction\/","https:\/\/www.instagram.com\/pearl_street_production\/","https:\/\/www.linkedin.com\/company\/pearl-street-production-support-ab\/about\/"]}]}},"_links":{"self":[{"href":"https:\/\/pearlstreet.se\/sv\/wp-json\/wp\/v2\/pages\/1250","targetHints":{"allow":["GET"]}}],"collection":[{"href":"https:\/\/pearlstreet.se\/sv\/wp-json\/wp\/v2\/pages"}],"about":[{"href":"https:\/\/pearlstreet.se\/sv\/wp-json\/wp\/v2\/types\/page"}],"author":[{"embeddable":true,"href":"https:\/\/pearlstreet.se\/sv\/wp-json\/wp\/v2\/users\/2"}],"replies":[{"embeddable":true,"href":"https:\/\/pearlstreet.se\/sv\/wp-json\/wp\/v2\/comments?post=1250"}],"version-history":[{"count":4,"href":"https:\/\/pearlstreet.se\/sv\/wp-json\/wp\/v2\/pages\/1250\/revisions"}],"predecessor-version":[{"id":1760,"href":"https:\/\/pearlstreet.se\/sv\/wp-json\/wp\/v2\/pages\/1250\/revisions\/1760"}],"wp:attachment":[{"href":"https:\/\/pearlstreet.se\/sv\/wp-json\/wp\/v2\/media?parent=1250"}],"curies":[{"name":"wp","href":"https:\/\/api.w.org\/{rel}","templated":true}]}}