{"id":1240,"date":"2024-11-20T14:44:42","date_gmt":"2024-11-20T14:44:42","guid":{"rendered":"https:\/\/pearlstreet.se\/led-projektioner\/"},"modified":"2025-01-18T18:39:03","modified_gmt":"2025-01-18T18:39:03","slug":"led-projektioner","status":"publish","type":"page","link":"https:\/\/pearlstreet.se\/sv\/led-projektioner\/","title":{"rendered":"LED &#038; Projektioner"},"content":{"rendered":"<p style=\"font-weight: 400;\">P\u00e5 Pearl St erbjuder vi h\u00f6gkvalitativa LED- och projektionl\u00f6sningar som \u00e4r designade f\u00f6r att ge liv \u00e5t visuella effekter p\u00e5 ditt evenemang. Vi samarbetar med ett omfattande utbud av utrustning fr\u00e5n p\u00e5litliga varum\u00e4rken som ROE, InfilLED, Panasonic, Barcooch andra, vilket s\u00e4kerst\u00e4ller exceptionell uppl\u00f6sning, f\u00e4rgnoggrannhet och ljusstyrka f\u00f6r alla dina videobehov. Oavsett om du skapar storskaliga LED-v\u00e4ggar, uppslukande projektionmappningar eller banbrytande visuella visningar, har vi utrustningen som beh\u00f6vs f\u00f6r att leverera imponerande resultat.<\/p>\n<p style=\"font-weight: 400;\">ROE \u00e4r k\u00e4nt f\u00f6r att producera n\u00e5gra av de b\u00e4sta LED-sk\u00e4rmarna och videov\u00e4ggarna p\u00e5 marknaden. Deras premiumserie \u00e4r designad f\u00f6r h\u00f6gimpact och h\u00f6gklarhet. Dessa produkter levererar fantastiska f\u00e4rger, otroliga kontrastf\u00f6rh\u00e5llanden och s\u00f6ml\u00f6s integration b\u00e5de f\u00f6r inomhus- och utomhusapplikationer. ROE\u2019s LED-produkter \u00e4r ett f\u00f6rstahandsval f\u00f6r live-evenemang, s\u00e4ndningar och installationer som kr\u00e4ver precision och \u00f6verl\u00e4gsen bildkvalitet.<\/p>\n<p style=\"font-weight: 400;\">InfilLED \u00e4r ett ledande varum\u00e4rke inom skr\u00e4ddarsydda, h\u00f6gkvalitativa LED-paneler. InfiLED erbjuder h\u00f6g uppl\u00f6sning och ljusstyrka, vilket g\u00f6r det l\u00e4mpligt f\u00f6r kr\u00e4vande applikationer som live-evenemang, installationer och stora visningar. InfilLED-produkter \u00e4r k\u00e4nda f\u00f6r sin h\u00e5llbarhet, enkel installation och utm\u00e4rkta prestanda under olika ljusf\u00f6rh\u00e5llanden, vilket s\u00e4kerst\u00e4ller levande, konsekvent bild\u00e5tergivning som f\u00e5ngar publikens uppm\u00e4rksamhet.<\/p>\n<p style=\"font-weight: 400;\">Panasonic har l\u00e4nge varit ett p\u00e5litligt namn inom videoprojektion. Deras professionella serie av laserprojektorer \u00e4r k\u00e4nda f\u00f6r sin fantastiska ljusstyrka, f\u00e4rgnoggrannhet och l\u00e5ngvariga prestanda. Dessa projektorer \u00e4r idealiska f\u00f6r allt fr\u00e5n f\u00f6retagspresentationer till storskaliga live-evenemang, och erbjuder fantastiska visuella effekter som f\u00f6rblir skarpa och tydliga, \u00e4ven i starkt belysta milj\u00f6er. Panasonics avancerade laserteknik s\u00e4kerst\u00e4ller p\u00e5litliga, h\u00f6gkvalitativa projektioner utan behov av frekvent underh\u00e5ll.<\/p>\n<p style=\"font-weight: 400;\">Barco \u00e4r en ledande leverant\u00f6r av projektionsteknologi och erbjuder l\u00f6sningar som pressar gr\u00e4nserna f\u00f6r visuell prestanda. Barco-projektorer, som levererar exceptionell ljusstyrka och klarhet f\u00f6r storskaliga evenemang, konserter och utst\u00e4llningar, \u00e4r utrustade med avancerade funktioner som inbyggd blandning, f\u00f6rvr\u00e4ngning och f\u00e4rgkorrigering, vilket s\u00e4kerst\u00e4ller att dina projektioner inte bara \u00e4r spektakul\u00e4ra utan ocks\u00e5 perfekt anpassade till din kreativa vision.<\/p>\n<p>P\u00e5 Pearl St kombinerar vi dessa branschledande video- och LED-teknologier f\u00f6r att leverera visuella effekter som \u00f6vertr\u00e4ffar f\u00f6rv\u00e4ntningarna. Oavsett om du vill skapa en massiv LED-v\u00e4gg, f\u00f6rb\u00e4ttra ditt evenemang med interaktiva projektioner eller leverera fantastisk videoinneh\u00e5ll, erbjuder vi den r\u00e4tta utrustningen f\u00f6r att f\u00e5 det att h\u00e4nda med o\u00f6vertr\u00e4ffad prestanda och tillf\u00f6rlitlighet.<\/p>\n","protected":false},"excerpt":{"rendered":"<p>P\u00e5 Pearl St erbjuder vi h\u00f6gkvalitativa LED- och projektionl\u00f6sningar som \u00e4r designade f\u00f6r att ge liv \u00e5t visuella effekter p\u00e5 ditt evenemang. Vi samarbetar med ett omfattande utbud av utrustning fr\u00e5n p\u00e5litliga varum\u00e4rken som ROE, InfilLED, Panasonic, Barcooch andra, vilket s\u00e4kerst\u00e4ller exceptionell uppl\u00f6sning, f\u00e4rgnoggrannhet och ljusstyrka f\u00f6r alla dina videobehov. Oavsett om du skapar storskaliga [&hellip;]<\/p>\n","protected":false},"author":2,"featured_media":0,"parent":0,"menu_order":0,"comment_status":"closed","ping_status":"closed","template":"","meta":{"_acf_changed":false,"footnotes":""},"class_list":["post-1240","page","type-page","status-publish","hentry"],"acf":[],"yoast_head":"<!-- This site is optimized with the Yoast SEO plugin v27.2 - https:\/\/yoast.com\/product\/yoast-seo-wordpress\/ -->\n<title>LED- och projektionl\u00f6sningar designade f\u00f6r evenemang | Pearl St.<\/title>\n<meta name=\"description\" content=\"Vi kombinerar branschledande video- och LED-teknologier f\u00f6r att leverera visuella effekter som \u00f6vertr\u00e4ffar f\u00f6rv\u00e4ntningar - Kontakta oss idag!\" \/>\n<meta name=\"robots\" content=\"index, follow, max-snippet:-1, max-image-preview:large, max-video-preview:-1\" \/>\n<link rel=\"canonical\" href=\"https:\/\/pearlstreet.se\/sv\/led-projektioner\/\" \/>\n<meta property=\"og:locale\" content=\"sv_SE\" \/>\n<meta property=\"og:type\" content=\"article\" \/>\n<meta property=\"og:title\" content=\"LED- och projektionl\u00f6sningar designade f\u00f6r evenemang | Pearl St.\" \/>\n<meta property=\"og:description\" content=\"Vi kombinerar branschledande video- och LED-teknologier f\u00f6r att leverera visuella effekter som \u00f6vertr\u00e4ffar f\u00f6rv\u00e4ntningar - Kontakta oss idag!\" \/>\n<meta property=\"og:url\" content=\"https:\/\/pearlstreet.se\/sv\/led-projektioner\/\" \/>\n<meta property=\"og:site_name\" content=\"Pearl St.\" \/>\n<meta property=\"article:publisher\" content=\"https:\/\/www.facebook.com\/pearlstreetproduction\/\" \/>\n<meta property=\"article:modified_time\" content=\"2025-01-18T18:39:03+00:00\" \/>\n<meta name=\"twitter:card\" content=\"summary_large_image\" \/>\n<meta name=\"twitter:label1\" content=\"Ber\u00e4knad l\u00e4stid\" \/>\n\t<meta name=\"twitter:data1\" content=\"2 minuter\" \/>\n<script type=\"application\/ld+json\" class=\"yoast-schema-graph\">{\"@context\":\"https:\/\/schema.org\",\"@graph\":[{\"@type\":\"WebPage\",\"@id\":\"https:\/\/pearlstreet.se\/sv\/led-projektioner\/\",\"url\":\"https:\/\/pearlstreet.se\/sv\/led-projektioner\/\",\"name\":\"LED- och projektionl\u00f6sningar designade f\u00f6r evenemang | Pearl St.\",\"isPartOf\":{\"@id\":\"http:\/\/pearlstreet.se\/sv\/#website\"},\"datePublished\":\"2024-11-20T14:44:42+00:00\",\"dateModified\":\"2025-01-18T18:39:03+00:00\",\"description\":\"Vi kombinerar branschledande video- och LED-teknologier f\u00f6r att leverera visuella effekter som \u00f6vertr\u00e4ffar f\u00f6rv\u00e4ntningar - Kontakta oss idag!\",\"breadcrumb\":{\"@id\":\"https:\/\/pearlstreet.se\/sv\/led-projektioner\/#breadcrumb\"},\"inLanguage\":\"sv-SE\",\"potentialAction\":[{\"@type\":\"ReadAction\",\"target\":[\"https:\/\/pearlstreet.se\/sv\/led-projektioner\/\"]}]},{\"@type\":\"BreadcrumbList\",\"@id\":\"https:\/\/pearlstreet.se\/sv\/led-projektioner\/#breadcrumb\",\"itemListElement\":[{\"@type\":\"ListItem\",\"position\":1,\"name\":\"Hem\",\"item\":\"https:\/\/pearlstreet.se\/sv\/\"},{\"@type\":\"ListItem\",\"position\":2,\"name\":\"LED &#038; Projektioner\"}]},{\"@type\":\"WebSite\",\"@id\":\"http:\/\/pearlstreet.se\/sv\/#website\",\"url\":\"http:\/\/pearlstreet.se\/sv\/\",\"name\":\"Pearl St.\",\"description\":\"Pearl St. - Your innovative event production &amp; solutions partner\",\"publisher\":{\"@id\":\"http:\/\/pearlstreet.se\/sv\/#organization\"},\"alternateName\":\"Pearl Street Production Support AB\",\"potentialAction\":[{\"@type\":\"SearchAction\",\"target\":{\"@type\":\"EntryPoint\",\"urlTemplate\":\"http:\/\/pearlstreet.se\/sv\/?s={search_term_string}\"},\"query-input\":{\"@type\":\"PropertyValueSpecification\",\"valueRequired\":true,\"valueName\":\"search_term_string\"}}],\"inLanguage\":\"sv-SE\"},{\"@type\":\"Organization\",\"@id\":\"http:\/\/pearlstreet.se\/sv\/#organization\",\"name\":\"Pearl St.\",\"alternateName\":\"Pearl Street Production Support AB\",\"url\":\"http:\/\/pearlstreet.se\/sv\/\",\"logo\":{\"@type\":\"ImageObject\",\"inLanguage\":\"sv-SE\",\"@id\":\"http:\/\/pearlstreet.se\/sv\/#\/schema\/logo\/image\/\",\"url\":\"https:\/\/pearlstreet.se\/wp-content\/uploads\/2024\/06\/logo-pearlstreet.jpg\",\"contentUrl\":\"https:\/\/pearlstreet.se\/wp-content\/uploads\/2024\/06\/logo-pearlstreet.jpg\",\"width\":1080,\"height\":1080,\"caption\":\"Pearl St.\"},\"image\":{\"@id\":\"http:\/\/pearlstreet.se\/sv\/#\/schema\/logo\/image\/\"},\"sameAs\":[\"https:\/\/www.facebook.com\/pearlstreetproduction\/\",\"https:\/\/www.instagram.com\/pearl_street_production\/\",\"https:\/\/www.linkedin.com\/company\/pearl-street-production-support-ab\/about\/\"]}]}<\/script>\n<!-- \/ Yoast SEO plugin. -->","yoast_head_json":{"title":"LED- och projektionl\u00f6sningar designade f\u00f6r evenemang | Pearl St.","description":"Vi kombinerar branschledande video- och LED-teknologier f\u00f6r att leverera visuella effekter som \u00f6vertr\u00e4ffar f\u00f6rv\u00e4ntningar - Kontakta oss idag!","robots":{"index":"index","follow":"follow","max-snippet":"max-snippet:-1","max-image-preview":"max-image-preview:large","max-video-preview":"max-video-preview:-1"},"canonical":"https:\/\/pearlstreet.se\/sv\/led-projektioner\/","og_locale":"sv_SE","og_type":"article","og_title":"LED- och projektionl\u00f6sningar designade f\u00f6r evenemang | Pearl St.","og_description":"Vi kombinerar branschledande video- och LED-teknologier f\u00f6r att leverera visuella effekter som \u00f6vertr\u00e4ffar f\u00f6rv\u00e4ntningar - Kontakta oss idag!","og_url":"https:\/\/pearlstreet.se\/sv\/led-projektioner\/","og_site_name":"Pearl St.","article_publisher":"https:\/\/www.facebook.com\/pearlstreetproduction\/","article_modified_time":"2025-01-18T18:39:03+00:00","twitter_card":"summary_large_image","twitter_misc":{"Ber\u00e4knad l\u00e4stid":"2 minuter"},"schema":{"@context":"https:\/\/schema.org","@graph":[{"@type":"WebPage","@id":"https:\/\/pearlstreet.se\/sv\/led-projektioner\/","url":"https:\/\/pearlstreet.se\/sv\/led-projektioner\/","name":"LED- och projektionl\u00f6sningar designade f\u00f6r evenemang | Pearl St.","isPartOf":{"@id":"http:\/\/pearlstreet.se\/sv\/#website"},"datePublished":"2024-11-20T14:44:42+00:00","dateModified":"2025-01-18T18:39:03+00:00","description":"Vi kombinerar branschledande video- och LED-teknologier f\u00f6r att leverera visuella effekter som \u00f6vertr\u00e4ffar f\u00f6rv\u00e4ntningar - Kontakta oss idag!","breadcrumb":{"@id":"https:\/\/pearlstreet.se\/sv\/led-projektioner\/#breadcrumb"},"inLanguage":"sv-SE","potentialAction":[{"@type":"ReadAction","target":["https:\/\/pearlstreet.se\/sv\/led-projektioner\/"]}]},{"@type":"BreadcrumbList","@id":"https:\/\/pearlstreet.se\/sv\/led-projektioner\/#breadcrumb","itemListElement":[{"@type":"ListItem","position":1,"name":"Hem","item":"https:\/\/pearlstreet.se\/sv\/"},{"@type":"ListItem","position":2,"name":"LED &#038; Projektioner"}]},{"@type":"WebSite","@id":"http:\/\/pearlstreet.se\/sv\/#website","url":"http:\/\/pearlstreet.se\/sv\/","name":"Pearl St.","description":"Pearl St. - Your innovative event production &amp; solutions partner","publisher":{"@id":"http:\/\/pearlstreet.se\/sv\/#organization"},"alternateName":"Pearl Street Production Support AB","potentialAction":[{"@type":"SearchAction","target":{"@type":"EntryPoint","urlTemplate":"http:\/\/pearlstreet.se\/sv\/?s={search_term_string}"},"query-input":{"@type":"PropertyValueSpecification","valueRequired":true,"valueName":"search_term_string"}}],"inLanguage":"sv-SE"},{"@type":"Organization","@id":"http:\/\/pearlstreet.se\/sv\/#organization","name":"Pearl St.","alternateName":"Pearl Street Production Support AB","url":"http:\/\/pearlstreet.se\/sv\/","logo":{"@type":"ImageObject","inLanguage":"sv-SE","@id":"http:\/\/pearlstreet.se\/sv\/#\/schema\/logo\/image\/","url":"https:\/\/pearlstreet.se\/wp-content\/uploads\/2024\/06\/logo-pearlstreet.jpg","contentUrl":"https:\/\/pearlstreet.se\/wp-content\/uploads\/2024\/06\/logo-pearlstreet.jpg","width":1080,"height":1080,"caption":"Pearl St."},"image":{"@id":"http:\/\/pearlstreet.se\/sv\/#\/schema\/logo\/image\/"},"sameAs":["https:\/\/www.facebook.com\/pearlstreetproduction\/","https:\/\/www.instagram.com\/pearl_street_production\/","https:\/\/www.linkedin.com\/company\/pearl-street-production-support-ab\/about\/"]}]}},"_links":{"self":[{"href":"https:\/\/pearlstreet.se\/sv\/wp-json\/wp\/v2\/pages\/1240","targetHints":{"allow":["GET"]}}],"collection":[{"href":"https:\/\/pearlstreet.se\/sv\/wp-json\/wp\/v2\/pages"}],"about":[{"href":"https:\/\/pearlstreet.se\/sv\/wp-json\/wp\/v2\/types\/page"}],"author":[{"embeddable":true,"href":"https:\/\/pearlstreet.se\/sv\/wp-json\/wp\/v2\/users\/2"}],"replies":[{"embeddable":true,"href":"https:\/\/pearlstreet.se\/sv\/wp-json\/wp\/v2\/comments?post=1240"}],"version-history":[{"count":4,"href":"https:\/\/pearlstreet.se\/sv\/wp-json\/wp\/v2\/pages\/1240\/revisions"}],"predecessor-version":[{"id":1371,"href":"https:\/\/pearlstreet.se\/sv\/wp-json\/wp\/v2\/pages\/1240\/revisions\/1371"}],"wp:attachment":[{"href":"https:\/\/pearlstreet.se\/sv\/wp-json\/wp\/v2\/media?parent=1240"}],"curies":[{"name":"wp","href":"https:\/\/api.w.org\/{rel}","templated":true}]}}